{"id":10025,"date":"2024-06-04T21:38:12","date_gmt":"2024-06-04T21:38:12","guid":{"rendered":"https:\/\/lifeboost.club\/?post_type=product&#038;p=10025"},"modified":"2025-09-17T00:19:02","modified_gmt":"2025-09-17T00:19:02","slug":"cardirin","status":"publish","type":"product","link":"https:\/\/lifeboost.club\/en\/product\/cardirin\/","title":{"rendered":"Cardirin"},"content":{"rendered":"<p><span data-sheets-root=\"1\" data-sheets-value=\"{&quot;1&quot;:2,&quot;2&quot;:&quot;Cardirin Es verursacht keine Druckspitzen oder Gef\u00e4\u00dfanomalien, hat eine nat\u00fcrliche Schrittmacherwirkung, enth\u00e4lt keine genetisch ver\u00e4nderten Substanzen oder Hormone, macht nicht s\u00fcchtig und beeintr\u00e4chtigt weder die motorischen F\u00e4higkeiten noch die Aufmerksamkeit.\\n\\nCardirin hilft:\\n- normalisiert den Blutdruck;\\n- stellt den Herz-Kreislauf-Tonus wieder her;\\n- verbessert die Leistungsf\u00e4higkeit;\\n- beseitigt die M\u00fcdigkeit ohne pl\u00f6tzliche Druckschwankungen;\\n- beseitigt die \u201eM\u00fccken\u201c vor den Augen;\\n- beseitigt Kopfschmerzen\\n\\nHauptbestandteile:\\nTaurin - stellt den Herzrhythmus wieder her, erh\u00f6ht die Widerstandsf\u00e4higkeit des Herzmuskels gegen Stress, baut Cholesterin ab, normalisiert den Blutzuckerspiegel\\nWei\u00dfdorn-Extrakt - unterst\u00fctzt die normale Mikrozirkulation und Herz-Kreislauf-Funktion, beseitigt M\u00fcdigkeit und Reizbarkeit\\nHibiskusextrakt - stabilisiert den Blutdruck, entspannt das Nervensystem und sch\u00fctzt die Gehirnzellen vor Sch\u00e4den\\nSteinklee-Extrakt - entzieht den Geweben \u00fcbersch\u00fcssige Fl\u00fcssigkeit, reduziert den Druck auf das gro\u00dfe Kreislaufsystem, normalisiert den Blutdruck&quot;}\" data-sheets-userformat=\"{&quot;2&quot;:957,&quot;3&quot;:{&quot;1&quot;:0},&quot;5&quot;:{&quot;1&quot;:[{&quot;1&quot;:2,&quot;2&quot;:0,&quot;5&quot;:{&quot;1&quot;:2,&quot;2&quot;:0}},{&quot;1&quot;:0,&quot;2&quot;:0,&quot;3&quot;:3},{&quot;1&quot;:1,&quot;2&quot;:0,&quot;4&quot;:1}]},&quot;6&quot;:{&quot;1&quot;:[{&quot;1&quot;:2,&quot;2&quot;:0,&quot;5&quot;:{&quot;1&quot;:2,&quot;2&quot;:0}},{&quot;1&quot;:0,&quot;2&quot;:0,&quot;3&quot;:3},{&quot;1&quot;:1,&quot;2&quot;:0,&quot;4&quot;:1}]},&quot;7&quot;:{&quot;1&quot;:[{&quot;1&quot;:2,&quot;2&quot;:0,&quot;5&quot;:{&quot;1&quot;:2,&quot;2&quot;:0}},{&quot;1&quot;:0,&quot;2&quot;:0,&quot;3&quot;:3},{&quot;1&quot;:1,&quot;2&quot;:0,&quot;4&quot;:1}]},&quot;8&quot;:{&quot;1&quot;:[{&quot;1&quot;:2,&quot;2&quot;:0,&quot;5&quot;:{&quot;1&quot;:2,&quot;2&quot;:0}},{&quot;1&quot;:0,&quot;2&quot;:0,&quot;3&quot;:3},{&quot;1&quot;:1,&quot;2&quot;:0,&quot;4&quot;:1}]},&quot;10&quot;:0,&quot;11&quot;:4,&quot;12&quot;:0}\" data-sheets-textstyleruns=\"{&quot;1&quot;:0,&quot;2&quot;:{&quot;5&quot;:1}}\uee10{&quot;1&quot;:9}\uee10{&quot;1&quot;:265,&quot;2&quot;:{&quot;5&quot;:1}}\uee10{&quot;1&quot;:273}\">Cardirin It does not cause pressure spikes or vascular abnormalities, has a natural pacemaker effect, does not contain genetically modified substances or hormones, is not addictive and does not affect motor skills or attention.<\/span><\/p>\n<p>Cardirin:<br \/>\n\u2013 normalizes blood pressure;<br \/>\n\u2013 restores cardiovascular tone;<br \/>\n\u2013 improves performance;<br \/>\n\u2013 eliminates fatigue without sudden pressure fluctuations;<br \/>\n\u2013 eliminates the \u201cmosquitoes\u201d in front of the eyes;<br \/>\n\u2013 eliminates headaches<\/p>\n<p>Main ingredients:<br \/>\nTaurine \u2013 restores heart rhythm, increases the resistance of the heart muscle to stress, breaks down cholesterol, normalizes blood sugar levels<br \/>\nHawthorn extract \u2013 supports normal microcirculation and cardiovascular function, eliminates fatigue and irritability<br \/>\nHibiscus extract \u2013 stabilizes blood pressure, relaxes the nervous system and protects brain cells from damage<br \/>\nSweet clover extract \u2013 removes excess fluid from the tissues, reduces pressure on the large circulatory system, normalizes blood pressure<\/p>","protected":false},"excerpt":{"rendered":"<p><span data-sheets-root=\"1\" data-sheets-value=\"{&quot;1&quot;:2,&quot;2&quot;:&quot;Cardirin ist ein Tropfen, der zur Normalisierung des Blutdrucks und des Allgemeinzustands der K\u00f6rpersysteme sowie zur Optimierung des Gef\u00e4\u00df- und Kapillartonus beitr\u00e4gt. \\n\\nSKU: 2-100\\nKategorie: Herz&quot;}\" data-sheets-userformat=\"{&quot;2&quot;:957,&quot;3&quot;:{&quot;1&quot;:0},&quot;5&quot;:{&quot;1&quot;:[{&quot;1&quot;:2,&quot;2&quot;:0,&quot;5&quot;:{&quot;1&quot;:2,&quot;2&quot;:0}},{&quot;1&quot;:0,&quot;2&quot;:0,&quot;3&quot;:3},{&quot;1&quot;:1,&quot;2&quot;:0,&quot;4&quot;:1}]},&quot;6&quot;:{&quot;1&quot;:[{&quot;1&quot;:2,&quot;2&quot;:0,&quot;5&quot;:{&quot;1&quot;:2,&quot;2&quot;:0}},{&quot;1&quot;:0,&quot;2&quot;:0,&quot;3&quot;:3},{&quot;1&quot;:1,&quot;2&quot;:0,&quot;4&quot;:1}]},&quot;7&quot;:{&quot;1&quot;:[{&quot;1&quot;:2,&quot;2&quot;:0,&quot;5&quot;:{&quot;1&quot;:2,&quot;2&quot;:0}},{&quot;1&quot;:0,&quot;2&quot;:0,&quot;3&quot;:3},{&quot;1&quot;:1,&quot;2&quot;:0,&quot;4&quot;:1}]},&quot;8&quot;:{&quot;1&quot;:[{&quot;1&quot;:2,&quot;2&quot;:0,&quot;5&quot;:{&quot;1&quot;:2,&quot;2&quot;:0}},{&quot;1&quot;:0,&quot;2&quot;:0,&quot;3&quot;:3},{&quot;1&quot;:1,&quot;2&quot;:0,&quot;4&quot;:1}]},&quot;10&quot;:0,&quot;11&quot;:4,&quot;12&quot;:0}\" data-sheets-textstyleruns=\"{&quot;1&quot;:0,&quot;2&quot;:{&quot;5&quot;:1}}\uee10{&quot;1&quot;:8}\">Cardirin is a drop that helps normalize blood pressure and the general condition of the body's systems, as well as optimize vascular and capillary tone.<\/span><\/p>\n<p>SKU: 2-100<br \/>\nCategory: Heart<\/p>","protected":false},"featured_media":9923,"comment_status":"open","ping_status":"closed","template":"","meta":[],"product_cat":[15,104],"product_tag":[],"class_list":{"0":"post-10025","1":"product","2":"type-product","3":"status-publish","4":"has-post-thumbnail","6":"product_cat-uncategorized","7":"product_cat-herz","9":"first","10":"instock","11":"shipping-taxable","12":"purchasable","13":"product-type-simple","14":"farmacie-col"},"_links":{"self":[{"href":"https:\/\/lifeboost.club\/en\/wp-json\/wp\/v2\/product\/10025","targetHints":{"allow":["GET"]}}],"collection":[{"href":"https:\/\/lifeboost.club\/en\/wp-json\/wp\/v2\/product"}],"about":[{"href":"https:\/\/lifeboost.club\/en\/wp-json\/wp\/v2\/types\/product"}],"replies":[{"embeddable":true,"href":"https:\/\/lifeboost.club\/en\/wp-json\/wp\/v2\/comments?post=10025"}],"wp:featuredmedia":[{"embeddable":true,"href":"https:\/\/lifeboost.club\/en\/wp-json\/wp\/v2\/media\/9923"}],"wp:attachment":[{"href":"https:\/\/lifeboost.club\/en\/wp-json\/wp\/v2\/media?parent=10025"}],"wp:term":[{"taxonomy":"product_cat","embeddable":true,"href":"https:\/\/lifeboost.club\/en\/wp-json\/wp\/v2\/product_cat?post=10025"},{"taxonomy":"product_tag","embeddable":true,"href":"https:\/\/lifeboost.club\/en\/wp-json\/wp\/v2\/product_tag?post=10025"}],"curies":[{"name":"wp","href":"https:\/\/api.w.org\/{rel}","templated":true}]}}