{"id":10026,"date":"2024-06-04T21:38:59","date_gmt":"2024-06-04T21:38:59","guid":{"rendered":"https:\/\/lifeboost.club\/?post_type=product&#038;p=10026"},"modified":"2026-01-14T15:45:03","modified_gmt":"2026-01-14T15:45:03","slug":"cardital","status":"publish","type":"product","link":"https:\/\/lifeboost.club\/en\/product\/cardital\/","title":{"rendered":"Cardital"},"content":{"rendered":"<p><span data-sheets-root=\"1\" data-sheets-value=\"{&quot;1&quot;:2,&quot;2&quot;:&quot;Cardital - Sie verursachen keinen starken Druckabfall und keine Gef\u00e4\u00dfpathologie, haben eine nat\u00fcrliche Stufenwirkung, enthalten keine genetisch ver\u00e4nderten Substanzen und Hormone, verursachen keine Abh\u00e4ngigkeit und Sucht, beeintr\u00e4chtigen nicht die motorischen F\u00e4higkeiten und die Aufmerksamkeit.\\n\\nCardital f\u00f6rdert:\\n- die Normalisierung der Blutdruckwerte;\\n- die Wiederherstellung des kardiovaskul\u00e4ren Tonus;\\n- Verbesserung der Leistungsf\u00e4higkeit;\\n- Beseitigung von M\u00fcdigkeit ohne pl\u00f6tzliche Blutdruckschwankungen;\\n- Beseitigung von \u201eM\u00fccken\u201c vor den Augen;\\n- Beseitigung von Kopfschmerzen.\\n\\nHauptbestandteile:\\nL-Arginin - stabilisiert den Blutdruck, erweitert die Blutgef\u00e4\u00dfe, verbessert die Blutzirkulation und die Sauerstoffversorgung des Gewebes, verhindert die Bildung von Blutgerinnseln und arteriosklerotischen Plaques, normalisiert den Blutzuckerspiegel, wirkt sich positiv auf den Gef\u00e4\u00dftonus und die Herzfunktion aus\\nL-Carnitin - wirkt mit Cholesterin - baut intravaskul\u00e4re Lipidablagerungen (atherosklerotische Plaques) ab und normalisiert den Blutdruck, verbessert die Funktion des Herzmuskels.\\nWei\u00dfdorn-Extrakt - unterst\u00fctzt die normale Mikrozirkulation des Blutes und die Funktion des Herz-Kreislauf-Systems, beseitigt M\u00fcdigkeit und Reizbarkeit\\nExtrakt aus Cranberry-Fr\u00fcchten - st\u00e4rkt die Gef\u00e4\u00dfw\u00e4nde und verleiht ihnen Elastizit\u00e4t und Flexibilit\u00e4t, reichert das Blut mit Sauerstoff an, stabilisiert den Blutdruck, sch\u00fctzt die Gehirnzellen vor Sch\u00e4den&quot;}\" data-sheets-userformat=\"{&quot;2&quot;:957,&quot;3&quot;:{&quot;1&quot;:0},&quot;5&quot;:{&quot;1&quot;:[{&quot;1&quot;:2,&quot;2&quot;:0,&quot;5&quot;:{&quot;1&quot;:2,&quot;2&quot;:0}},{&quot;1&quot;:0,&quot;2&quot;:0,&quot;3&quot;:3},{&quot;1&quot;:1,&quot;2&quot;:0,&quot;4&quot;:1}]},&quot;6&quot;:{&quot;1&quot;:[{&quot;1&quot;:2,&quot;2&quot;:0,&quot;5&quot;:{&quot;1&quot;:2,&quot;2&quot;:0}},{&quot;1&quot;:0,&quot;2&quot;:0,&quot;3&quot;:3},{&quot;1&quot;:1,&quot;2&quot;:0,&quot;4&quot;:1}]},&quot;7&quot;:{&quot;1&quot;:[{&quot;1&quot;:2,&quot;2&quot;:0,&quot;5&quot;:{&quot;1&quot;:2,&quot;2&quot;:0}},{&quot;1&quot;:0,&quot;2&quot;:0,&quot;3&quot;:3},{&quot;1&quot;:1,&quot;2&quot;:0,&quot;4&quot;:1}]},&quot;8&quot;:{&quot;1&quot;:[{&quot;1&quot;:2,&quot;2&quot;:0,&quot;5&quot;:{&quot;1&quot;:2,&quot;2&quot;:0}},{&quot;1&quot;:0,&quot;2&quot;:0,&quot;3&quot;:3},{&quot;1&quot;:1,&quot;2&quot;:0,&quot;4&quot;:1}]},&quot;10&quot;:0,&quot;11&quot;:4,&quot;12&quot;:0}\" data-sheets-textstyleruns=\"{&quot;1&quot;:0,&quot;2&quot;:{&quot;5&quot;:1}}\uee10{&quot;1&quot;:8}\uee10{&quot;1&quot;:297,&quot;2&quot;:{&quot;5&quot;:1}}\uee10{&quot;1&quot;:305}\">Cardital \u2013 they do not cause a sharp drop in pressure and vascular pathology, have a natural step effect, do not contain genetically modified substances and hormones, do not cause dependence and addiction, do not affect motor skills and attention.<\/span><\/p>\n<p>Cardital promotes:<br \/>\n\u2013 the normalization of blood pressure values;<br \/>\n\u2013 restoration of cardiovascular tone;<br \/>\n\u2013 improved performance;<br \/>\n\u2013 elimination of fatigue without sudden fluctuations in blood pressure;<br \/>\n\u2013 elimination of \u201cmosquitoes\u201d in front of the eyes;<br \/>\n\u2013 elimination of headaches.<\/p>\n<p>Main ingredients:<br \/>\nL-arginine \u2013 stabilizes blood pressure, dilates blood vessels, improves blood circulation and oxygen supply to tissues, prevents the formation of blood clots and atherosclerotic plaques, normalizes blood sugar levels, has a positive effect on vascular tone and cardiac function<br \/>\nL-carnitine \u2013 works with cholesterol \u2013 breaks down intravascular lipid deposits (atherosclerotic plaques) and normalizes blood pressure, improves the function of the heart muscle.<br \/>\nHawthorn extract \u2013 supports normal blood microcirculation and the functioning of the cardiovascular system, eliminates fatigue and irritability<br \/>\nCranberry fruit extract \u2013 strengthens the vascular walls and gives them elasticity and flexibility, enriches the blood with oxygen, stabilizes blood pressure, protects brain cells from damage<\/p>","protected":false},"excerpt":{"rendered":"<p><span data-sheets-root=\"1\" data-sheets-value=\"{&quot;1&quot;:2,&quot;2&quot;:&quot;Cardital - Kapseln zur Normalisierung des Blutdrucks, der Mikrozirkulation des Blutes und des Herz-Kreislauf-Systems. Sie verbessern den allgemeinen Zustand der K\u00f6rpersysteme, optimieren den Tonus der Blutgef\u00e4\u00dfe und Kapillaren. \\n\\nSKU: 2-101\\nKategorie: Herz&quot;}\" data-sheets-userformat=\"{&quot;2&quot;:957,&quot;3&quot;:{&quot;1&quot;:0},&quot;5&quot;:{&quot;1&quot;:[{&quot;1&quot;:2,&quot;2&quot;:0,&quot;5&quot;:{&quot;1&quot;:2,&quot;2&quot;:0}},{&quot;1&quot;:0,&quot;2&quot;:0,&quot;3&quot;:3},{&quot;1&quot;:1,&quot;2&quot;:0,&quot;4&quot;:1}]},&quot;6&quot;:{&quot;1&quot;:[{&quot;1&quot;:2,&quot;2&quot;:0,&quot;5&quot;:{&quot;1&quot;:2,&quot;2&quot;:0}},{&quot;1&quot;:0,&quot;2&quot;:0,&quot;3&quot;:3},{&quot;1&quot;:1,&quot;2&quot;:0,&quot;4&quot;:1}]},&quot;7&quot;:{&quot;1&quot;:[{&quot;1&quot;:2,&quot;2&quot;:0,&quot;5&quot;:{&quot;1&quot;:2,&quot;2&quot;:0}},{&quot;1&quot;:0,&quot;2&quot;:0,&quot;3&quot;:3},{&quot;1&quot;:1,&quot;2&quot;:0,&quot;4&quot;:1}]},&quot;8&quot;:{&quot;1&quot;:[{&quot;1&quot;:2,&quot;2&quot;:0,&quot;5&quot;:{&quot;1&quot;:2,&quot;2&quot;:0}},{&quot;1&quot;:0,&quot;2&quot;:0,&quot;3&quot;:3},{&quot;1&quot;:1,&quot;2&quot;:0,&quot;4&quot;:1}]},&quot;10&quot;:0,&quot;11&quot;:4,&quot;12&quot;:0}\" data-sheets-textstyleruns=\"{&quot;1&quot;:0,&quot;2&quot;:{&quot;5&quot;:1}}\uee10{&quot;1&quot;:8}\">Cardital \u2013 capsules for normalizing blood pressure, blood microcirculation and cardiovascular system. They improve the general condition of the body's systems, optimize the tone of blood vessels and capillaries.<\/span><\/p>\n<p>SKU: 2-101<br \/>\nCategory: Heart<\/p>","protected":false},"featured_media":9924,"comment_status":"open","ping_status":"closed","template":"","meta":[],"product_cat":[104],"product_tag":[],"class_list":{"0":"post-10026","1":"product","2":"type-product","3":"status-publish","4":"has-post-thumbnail","6":"product_cat-herz","8":"first","9":"instock","10":"shipping-taxable","11":"purchasable","12":"product-type-simple","13":"farmacie-col"},"_links":{"self":[{"href":"https:\/\/lifeboost.club\/en\/wp-json\/wp\/v2\/product\/10026","targetHints":{"allow":["GET"]}}],"collection":[{"href":"https:\/\/lifeboost.club\/en\/wp-json\/wp\/v2\/product"}],"about":[{"href":"https:\/\/lifeboost.club\/en\/wp-json\/wp\/v2\/types\/product"}],"replies":[{"embeddable":true,"href":"https:\/\/lifeboost.club\/en\/wp-json\/wp\/v2\/comments?post=10026"}],"wp:featuredmedia":[{"embeddable":true,"href":"https:\/\/lifeboost.club\/en\/wp-json\/wp\/v2\/media\/9924"}],"wp:attachment":[{"href":"https:\/\/lifeboost.club\/en\/wp-json\/wp\/v2\/media?parent=10026"}],"wp:term":[{"taxonomy":"product_cat","embeddable":true,"href":"https:\/\/lifeboost.club\/en\/wp-json\/wp\/v2\/product_cat?post=10026"},{"taxonomy":"product_tag","embeddable":true,"href":"https:\/\/lifeboost.club\/en\/wp-json\/wp\/v2\/product_tag?post=10026"}],"curies":[{"name":"wp","href":"https:\/\/api.w.org\/{rel}","templated":true}]}}