{"id":10027,"date":"2024-06-04T21:40:10","date_gmt":"2024-06-04T21:40:10","guid":{"rendered":"https:\/\/lifeboost.club\/?post_type=product&#038;p=10027"},"modified":"2026-01-14T15:45:20","modified_gmt":"2026-01-14T15:45:20","slug":"kardisen","status":"publish","type":"product","link":"https:\/\/lifeboost.club\/en\/product\/kardisen\/","title":{"rendered":"Kardisen"},"content":{"rendered":"<p><span data-sheets-root=\"1\" data-sheets-value=\"{&quot;1&quot;:2,&quot;2&quot;:&quot;Kardisen Dieser Komplex enth\u00e4lt keine gentechnisch ver\u00e4nderten Substanzen und Hormone, verursacht keine Abh\u00e4ngigkeit und Sucht, beeintr\u00e4chtigt nicht die motorischen F\u00e4higkeiten und die Aufmerksamkeit. \\n \\nKardisen ist ein multifunktionaler Komplex, der Folgendes verbessert:\\n- Normalisierung des Blutdrucks;\\n- Wiederherstellung des Herz-Kreislauf-Tonus;\\n- Verbesserung der Leistungsf\u00e4higkeit;\\n- Beseitigung von M\u00fcdigkeit ohne pl\u00f6tzliche Druckschwankungen;\\n- Beseitigung von \u201eM\u00fccken\u201c vor den Augen;\\n- Beseitigung von Kopfschmerzen\\n\\nHauptbestandteile:\\nWei\u00dfdornnormalisiert die Herzfunktion und verbessert den Kreislauf\\nAronia - normalisiert den Blutdruck und reduziert Entz\u00fcndungen im K\u00f6rper\\nCeylon-Zimt - reduziert das Risiko von Herz-Kreislauf-Erkrankungen, reinigt den K\u00f6rper von Cholesterin, normalisiert den Blutzuckerspiegel&quot;}\" data-sheets-userformat=\"{&quot;2&quot;:957,&quot;3&quot;:{&quot;1&quot;:0},&quot;5&quot;:{&quot;1&quot;:[{&quot;1&quot;:2,&quot;2&quot;:0,&quot;5&quot;:{&quot;1&quot;:2,&quot;2&quot;:0}},{&quot;1&quot;:0,&quot;2&quot;:0,&quot;3&quot;:3},{&quot;1&quot;:1,&quot;2&quot;:0,&quot;4&quot;:1}]},&quot;6&quot;:{&quot;1&quot;:[{&quot;1&quot;:2,&quot;2&quot;:0,&quot;5&quot;:{&quot;1&quot;:2,&quot;2&quot;:0}},{&quot;1&quot;:0,&quot;2&quot;:0,&quot;3&quot;:3},{&quot;1&quot;:1,&quot;2&quot;:0,&quot;4&quot;:1}]},&quot;7&quot;:{&quot;1&quot;:[{&quot;1&quot;:2,&quot;2&quot;:0,&quot;5&quot;:{&quot;1&quot;:2,&quot;2&quot;:0}},{&quot;1&quot;:0,&quot;2&quot;:0,&quot;3&quot;:3},{&quot;1&quot;:1,&quot;2&quot;:0,&quot;4&quot;:1}]},&quot;8&quot;:{&quot;1&quot;:[{&quot;1&quot;:2,&quot;2&quot;:0,&quot;5&quot;:{&quot;1&quot;:2,&quot;2&quot;:0}},{&quot;1&quot;:0,&quot;2&quot;:0,&quot;3&quot;:3},{&quot;1&quot;:1,&quot;2&quot;:0,&quot;4&quot;:1}]},&quot;10&quot;:0,&quot;11&quot;:4,&quot;12&quot;:0}\" data-sheets-textstyleruns=\"{&quot;1&quot;:0,&quot;2&quot;:{&quot;5&quot;:1}}\uee10{&quot;1&quot;:8}\uee10{&quot;1&quot;:204,&quot;2&quot;:{&quot;5&quot;:1}}\uee10{&quot;1&quot;:212}\">Kardisen This complex does not contain genetically modified substances and hormones, does not cause dependence and addiction, does not affect motor skills and attention.<\/p>\n<p>Kardisen is a multifunctional complex that improves:<br \/>\n\u2013 normalization of blood pressure;<br \/>\n\u2013 restoration of cardiovascular tone;<br \/>\n\u2013 improved performance;<br \/>\n\u2013 elimination of fatigue without sudden pressure fluctuations;<br \/>\n\u2013 elimination of \u201cmosquitoes\u201d in front of the eyes;<br \/>\n\u2013 elimination of headaches<\/p>\n<p>Main ingredients:<br \/>\nHawthorn normalizes heart function and improves circulation<br \/>\nAronia \u2013 normalizes blood pressure and reduces inflammation in the body<br \/>\nCeylon cinnamon \u2013 reduces the risk of cardiovascular diseases, cleanses the body of cholesterol, normalizes blood sugar levels<\/span><\/p>","protected":false},"excerpt":{"rendered":"<p><span data-sheets-root=\"1\" data-sheets-value=\"{&quot;1&quot;:2,&quot;2&quot;:&quot;Kardisen ist ein Komplex, der auf einer Booster-Formel von Konzentraten aktiver Pflanzenteile und nat\u00fcrlicher Komponenten basiert und auf die Normalisierung des Blutdrucks und des allgemeinen Zustands der K\u00f6rpersysteme abzielt und zur Optimierung des Gef\u00e4\u00df- und Kapillartonus beitr\u00e4gt. Verursacht keinen starken Druckabfall und keine Gef\u00e4\u00dfpathologie, hat einen nat\u00fcrlichen Trittsteineffekt. \\n\\nSKU: 2-102\\nKategorie: Herz&quot;}\" data-sheets-userformat=\"{&quot;2&quot;:957,&quot;3&quot;:{&quot;1&quot;:0},&quot;5&quot;:{&quot;1&quot;:[{&quot;1&quot;:2,&quot;2&quot;:0,&quot;5&quot;:{&quot;1&quot;:2,&quot;2&quot;:0}},{&quot;1&quot;:0,&quot;2&quot;:0,&quot;3&quot;:3},{&quot;1&quot;:1,&quot;2&quot;:0,&quot;4&quot;:1}]},&quot;6&quot;:{&quot;1&quot;:[{&quot;1&quot;:2,&quot;2&quot;:0,&quot;5&quot;:{&quot;1&quot;:2,&quot;2&quot;:0}},{&quot;1&quot;:0,&quot;2&quot;:0,&quot;3&quot;:3},{&quot;1&quot;:1,&quot;2&quot;:0,&quot;4&quot;:1}]},&quot;7&quot;:{&quot;1&quot;:[{&quot;1&quot;:2,&quot;2&quot;:0,&quot;5&quot;:{&quot;1&quot;:2,&quot;2&quot;:0}},{&quot;1&quot;:0,&quot;2&quot;:0,&quot;3&quot;:3},{&quot;1&quot;:1,&quot;2&quot;:0,&quot;4&quot;:1}]},&quot;8&quot;:{&quot;1&quot;:[{&quot;1&quot;:2,&quot;2&quot;:0,&quot;5&quot;:{&quot;1&quot;:2,&quot;2&quot;:0}},{&quot;1&quot;:0,&quot;2&quot;:0,&quot;3&quot;:3},{&quot;1&quot;:1,&quot;2&quot;:0,&quot;4&quot;:1}]},&quot;10&quot;:0,&quot;11&quot;:4,&quot;12&quot;:0}\" data-sheets-textstyleruns=\"{&quot;1&quot;:0,&quot;2&quot;:{&quot;5&quot;:1}}\uee10{&quot;1&quot;:8}\">Kardisen is a complex based on a booster formula of concentrates of active parts of the plant and natural components and is aimed at normalizing blood pressure and the general condition of the body's systems, contributing to the optimization of vascular and capillary tone. Does not cause a sharp drop in pressure and vascular pathology, has a natural stepping stone effect.<\/p>\n<p>SKU: 2-102<br \/>\nCategory: Heart<\/span><\/p>","protected":false},"featured_media":9929,"comment_status":"open","ping_status":"closed","template":"","meta":[],"product_cat":[104],"product_tag":[],"class_list":{"0":"post-10027","1":"product","2":"type-product","3":"status-publish","4":"has-post-thumbnail","6":"product_cat-herz","8":"first","9":"instock","10":"shipping-taxable","11":"purchasable","12":"product-type-simple","13":"farmacie-col"},"_links":{"self":[{"href":"https:\/\/lifeboost.club\/en\/wp-json\/wp\/v2\/product\/10027","targetHints":{"allow":["GET"]}}],"collection":[{"href":"https:\/\/lifeboost.club\/en\/wp-json\/wp\/v2\/product"}],"about":[{"href":"https:\/\/lifeboost.club\/en\/wp-json\/wp\/v2\/types\/product"}],"replies":[{"embeddable":true,"href":"https:\/\/lifeboost.club\/en\/wp-json\/wp\/v2\/comments?post=10027"}],"wp:featuredmedia":[{"embeddable":true,"href":"https:\/\/lifeboost.club\/en\/wp-json\/wp\/v2\/media\/9929"}],"wp:attachment":[{"href":"https:\/\/lifeboost.club\/en\/wp-json\/wp\/v2\/media?parent=10027"}],"wp:term":[{"taxonomy":"product_cat","embeddable":true,"href":"https:\/\/lifeboost.club\/en\/wp-json\/wp\/v2\/product_cat?post=10027"},{"taxonomy":"product_tag","embeddable":true,"href":"https:\/\/lifeboost.club\/en\/wp-json\/wp\/v2\/product_tag?post=10027"}],"curies":[{"name":"wp","href":"https:\/\/api.w.org\/{rel}","templated":true}]}}