{"id":10028,"date":"2024-06-04T21:41:24","date_gmt":"2024-06-04T21:41:24","guid":{"rendered":"https:\/\/lifeboost.club\/?post_type=product&#038;p=10028"},"modified":"2025-09-22T21:23:39","modified_gmt":"2025-09-22T21:23:39","slug":"dialecs","status":"publish","type":"product","link":"https:\/\/lifeboost.club\/en\/product\/dialecs\/","title":{"rendered":"Dialecs"},"content":{"rendered":"<p><span data-sheets-root=\"1\" data-sheets-value=\"{&quot;1&quot;:2,&quot;2&quot;:&quot;Dialecs verhindert schwere Komplikationen, die durch Diabetes verursacht werden (Erblindung, Wundbrand an den F\u00fc\u00dfen, Schlaganfall, Nierenversagen, Neuropathie - eine St\u00f6rung des Nervensystems).\\n\\nHauptbestandteile:\\nGeeignet f\u00fcr Menschen mit Diabetes Typ 1 und Typ 2, bei hohem und niedrigem Blutzucker.\\n\\nInulin senkt die Blutzucker- und sch\u00e4dlichen Cholesterinkonzentrationen und normalisiert den Appetit. \\n\\nZimt-Ceylon-Extrakt verbessert den Glukosestoffwechsel und den Zustand der Blutgef\u00e4\u00dfe, kurbelt die Stoffwechselprozesse an und aktiviert die Abwehrfunktionen des K\u00f6rpers. \\n\\nDer Ginsengextrakt reguliert den Glukosestoffwechsel und hat eine immunstimulierende und tonisierende Wirkung. \\n\\nVitamin B1 und Vitamin B6 tragen zu einem normalen Stoffwechsel und einer normalen Energieproduktion bei, f\u00fchren zu einer normalen Produktion roter Blutk\u00f6rperchen, unterst\u00fctzen das Nervensystem und verringern M\u00fcdigkeit.\\n\\nChrom ist f\u00fcr die Aufrechterhaltung eines normalen Blutzuckerspiegels verantwortlich und unterst\u00fctzt einen normalen Mikron\u00e4hrstoff-Stoffwechsel.&quot;}\" data-sheets-userformat=\"{&quot;2&quot;:957,&quot;3&quot;:{&quot;1&quot;:0},&quot;5&quot;:{&quot;1&quot;:[{&quot;1&quot;:2,&quot;2&quot;:0,&quot;5&quot;:{&quot;1&quot;:2,&quot;2&quot;:0}},{&quot;1&quot;:0,&quot;2&quot;:0,&quot;3&quot;:3},{&quot;1&quot;:1,&quot;2&quot;:0,&quot;4&quot;:1}]},&quot;6&quot;:{&quot;1&quot;:[{&quot;1&quot;:2,&quot;2&quot;:0,&quot;5&quot;:{&quot;1&quot;:2,&quot;2&quot;:0}},{&quot;1&quot;:0,&quot;2&quot;:0,&quot;3&quot;:3},{&quot;1&quot;:1,&quot;2&quot;:0,&quot;4&quot;:1}]},&quot;7&quot;:{&quot;1&quot;:[{&quot;1&quot;:2,&quot;2&quot;:0,&quot;5&quot;:{&quot;1&quot;:2,&quot;2&quot;:0}},{&quot;1&quot;:0,&quot;2&quot;:0,&quot;3&quot;:3},{&quot;1&quot;:1,&quot;2&quot;:0,&quot;4&quot;:1}]},&quot;8&quot;:{&quot;1&quot;:[{&quot;1&quot;:2,&quot;2&quot;:0,&quot;5&quot;:{&quot;1&quot;:2,&quot;2&quot;:0}},{&quot;1&quot;:0,&quot;2&quot;:0,&quot;3&quot;:3},{&quot;1&quot;:1,&quot;2&quot;:0,&quot;4&quot;:1}]},&quot;10&quot;:0,&quot;11&quot;:4,&quot;12&quot;:0}\" data-sheets-textstyleruns=\"{&quot;1&quot;:0,&quot;2&quot;:{&quot;5&quot;:1}}\uee10{&quot;1&quot;:8}\">Dialecs prevents serious complications caused by diabetes (blindness, gangrene of the feet, stroke, kidney failure, neuropathy - a disorder of the nervous system).<\/p>\n<p>Main ingredients:<br \/>\nSuitable for people with type 1 and type 2 diabetes, with high and low blood sugar.<\/p>\n<p>Inulin lowers blood sugar and harmful cholesterol concentrations and normalizes appetite.<\/p>\n<p>Cinnamon Ceylon extract improves glucose metabolism and the condition of blood vessels, stimulates metabolic processes and activates the body's defense functions.<\/p>\n<p>The ginseng extract regulates glucose metabolism and has an immune-stimulating and tonic effect.<\/p>\n<p>Vitamin B1 and Vitamin B6 contribute to normal metabolism and energy production, lead to normal red blood cell production, support the nervous system and reduce fatigue.<\/p>\n<p>Chromium is responsible for maintaining normal blood sugar levels and supports normal micronutrient metabolism.<\/span><\/p>","protected":false},"excerpt":{"rendered":"<p><span data-sheets-root=\"1\" data-sheets-value=\"{&quot;1&quot;:2,&quot;2&quot;:&quot;Dialecs ist ein biomedizinisches Zellprodukt, das ausschlie\u00dflich auf Inhaltsstoffen nat\u00fcrlichen Ursprungs basiert und dazu beitr\u00e4gt, die f\u00fcr die Zuckerregulierung verantwortlichen Mechanismen wiederherzustellen, den Blutzuckerspiegel und den Urinspiegel zu normalisieren, die Insulinproduktion auf nat\u00fcrliche Weise zu normalisieren und die allgemeinen Abwehrkr\u00e4fte des K\u00f6rpers zu st\u00e4rken.\\n\\nSKU: 3-100\\nKategorie: Diabetes\\n&quot;}\" data-sheets-userformat=\"{&quot;2&quot;:957,&quot;3&quot;:{&quot;1&quot;:0},&quot;5&quot;:{&quot;1&quot;:[{&quot;1&quot;:2,&quot;2&quot;:0,&quot;5&quot;:{&quot;1&quot;:2,&quot;2&quot;:0}},{&quot;1&quot;:0,&quot;2&quot;:0,&quot;3&quot;:3},{&quot;1&quot;:1,&quot;2&quot;:0,&quot;4&quot;:1}]},&quot;6&quot;:{&quot;1&quot;:[{&quot;1&quot;:2,&quot;2&quot;:0,&quot;5&quot;:{&quot;1&quot;:2,&quot;2&quot;:0}},{&quot;1&quot;:0,&quot;2&quot;:0,&quot;3&quot;:3},{&quot;1&quot;:1,&quot;2&quot;:0,&quot;4&quot;:1}]},&quot;7&quot;:{&quot;1&quot;:[{&quot;1&quot;:2,&quot;2&quot;:0,&quot;5&quot;:{&quot;1&quot;:2,&quot;2&quot;:0}},{&quot;1&quot;:0,&quot;2&quot;:0,&quot;3&quot;:3},{&quot;1&quot;:1,&quot;2&quot;:0,&quot;4&quot;:1}]},&quot;8&quot;:{&quot;1&quot;:[{&quot;1&quot;:2,&quot;2&quot;:0,&quot;5&quot;:{&quot;1&quot;:2,&quot;2&quot;:0}},{&quot;1&quot;:0,&quot;2&quot;:0,&quot;3&quot;:3},{&quot;1&quot;:1,&quot;2&quot;:0,&quot;4&quot;:1}]},&quot;10&quot;:0,&quot;11&quot;:4,&quot;12&quot;:0}\" data-sheets-textstyleruns=\"{&quot;1&quot;:0,&quot;2&quot;:{&quot;5&quot;:1}}\uee10{&quot;1&quot;:7}\">Dialecs is a biomedical cell product based exclusively on ingredients of natural origin that helps restore the mechanisms responsible for sugar regulation, normalize blood sugar levels and urine levels, naturally normalize insulin production and strengthen the body's general defenses.<\/p>\n<p>SKU: 3-100<br \/>\nCategory: Diabetes<br \/>\n<\/span><\/p>","protected":false},"featured_media":9925,"comment_status":"open","ping_status":"closed","template":"","meta":[],"product_cat":[107],"product_tag":[],"class_list":{"0":"post-10028","1":"product","2":"type-product","3":"status-publish","4":"has-post-thumbnail","6":"product_cat-diabetes","8":"first","9":"instock","10":"shipping-taxable","11":"purchasable","12":"product-type-simple","13":"farmacie-col"},"_links":{"self":[{"href":"https:\/\/lifeboost.club\/en\/wp-json\/wp\/v2\/product\/10028","targetHints":{"allow":["GET"]}}],"collection":[{"href":"https:\/\/lifeboost.club\/en\/wp-json\/wp\/v2\/product"}],"about":[{"href":"https:\/\/lifeboost.club\/en\/wp-json\/wp\/v2\/types\/product"}],"replies":[{"embeddable":true,"href":"https:\/\/lifeboost.club\/en\/wp-json\/wp\/v2\/comments?post=10028"}],"wp:featuredmedia":[{"embeddable":true,"href":"https:\/\/lifeboost.club\/en\/wp-json\/wp\/v2\/media\/9925"}],"wp:attachment":[{"href":"https:\/\/lifeboost.club\/en\/wp-json\/wp\/v2\/media?parent=10028"}],"wp:term":[{"taxonomy":"product_cat","embeddable":true,"href":"https:\/\/lifeboost.club\/en\/wp-json\/wp\/v2\/product_cat?post=10028"},{"taxonomy":"product_tag","embeddable":true,"href":"https:\/\/lifeboost.club\/en\/wp-json\/wp\/v2\/product_tag?post=10028"}],"curies":[{"name":"wp","href":"https:\/\/api.w.org\/{rel}","templated":true}]}}