{"id":10029,"date":"2024-06-04T21:42:16","date_gmt":"2024-06-04T21:42:16","guid":{"rendered":"https:\/\/lifeboost.club\/?post_type=product&#038;p=10029"},"modified":"2025-12-05T15:33:15","modified_gmt":"2025-12-05T15:33:15","slug":"dioptik","status":"publish","type":"product","link":"https:\/\/lifeboost.club\/en\/product\/dioptik\/","title":{"rendered":"Dioptik"},"content":{"rendered":"<p><span data-sheets-root=\"1\" data-sheets-value=\"{&quot;1&quot;:2,&quot;2&quot;:&quot;Dioptik ist eine Kapsel zur Normalisierung und Erhaltung der Sehkraft, angereichert mit Vitaminen und nat\u00fcrlichen Inhaltsstoffen.\\n\\nWirkt umfassend auf das gesamte Augensystem.\\n\\nBei Sehschw\u00e4che (altersbedingte Verschlechterung, Weitsichtigkeit, Kurzsichtigkeit, schwache Netzhaut, Makuladegeneration) - stellt die Sehsch\u00e4rfe wieder her, st\u00e4rkt die Netzhaut und die Hornhaut, beugt Sehschw\u00e4che vor, normalisiert Indikatoren wie Klarheit, Helligkeit, Fokussierung der Augen \\n\\nHauptbestandteile:\\nDie Anthocyane der Heidelbeere und der schwarzen Johannisbeere erh\u00f6hen die Durchblutung der Aug\u00e4pfel, normalisieren den Augeninnendruck, s\u00e4ttigen das visuelle System mit N\u00e4hrstoffen und Sauerstoff und normalisieren den Abfluss der Augenh\u00f6hlenfl\u00fcssigkeit.\\n\\nHyalurons\u00e4ure - spendet Feuchtigkeit und sch\u00fctzt das Auge vor dem Austrocknen, stellt die Integrit\u00e4t des Tr\u00e4nenfilms wieder her, f\u00f6rdert die Heilung von Rissen und besch\u00e4digtem Augengewebe.\\n\\nVitaminkomplex (A, B, C, D) - st\u00e4rkt den Sehapparat, verbessert die Qualit\u00e4t der Nervenimpulsleitung, erh\u00e4lt den optimalen Augeninnendruck aufrecht, verringert das Risiko eines Glaukoms, tr\u00e4gt zur Erhaltung des Sehverm\u00f6gens bei.&quot;}\" data-sheets-userformat=\"{&quot;2&quot;:957,&quot;3&quot;:{&quot;1&quot;:0},&quot;5&quot;:{&quot;1&quot;:[{&quot;1&quot;:2,&quot;2&quot;:0,&quot;5&quot;:{&quot;1&quot;:2,&quot;2&quot;:0}},{&quot;1&quot;:0,&quot;2&quot;:0,&quot;3&quot;:3},{&quot;1&quot;:1,&quot;2&quot;:0,&quot;4&quot;:1}]},&quot;6&quot;:{&quot;1&quot;:[{&quot;1&quot;:2,&quot;2&quot;:0,&quot;5&quot;:{&quot;1&quot;:2,&quot;2&quot;:0}},{&quot;1&quot;:0,&quot;2&quot;:0,&quot;3&quot;:3},{&quot;1&quot;:1,&quot;2&quot;:0,&quot;4&quot;:1}]},&quot;7&quot;:{&quot;1&quot;:[{&quot;1&quot;:2,&quot;2&quot;:0,&quot;5&quot;:{&quot;1&quot;:2,&quot;2&quot;:0}},{&quot;1&quot;:0,&quot;2&quot;:0,&quot;3&quot;:3},{&quot;1&quot;:1,&quot;2&quot;:0,&quot;4&quot;:1}]},&quot;8&quot;:{&quot;1&quot;:[{&quot;1&quot;:2,&quot;2&quot;:0,&quot;5&quot;:{&quot;1&quot;:2,&quot;2&quot;:0}},{&quot;1&quot;:0,&quot;2&quot;:0,&quot;3&quot;:3},{&quot;1&quot;:1,&quot;2&quot;:0,&quot;4&quot;:1}]},&quot;10&quot;:0,&quot;11&quot;:4,&quot;12&quot;:0}\" data-sheets-textstyleruns=\"{&quot;1&quot;:0,&quot;2&quot;:{&quot;5&quot;:1}}\uee10{&quot;1&quot;:7}\">Dioptik is a capsule for normalizing and maintaining vision, enriched with vitamins and natural ingredients.<\/p>\n<p>Has a comprehensive effect on the entire eye system.<\/p>\n<p>For poor eyesight (age-related deterioration, farsightedness, nearsightedness, weak retina, macular degeneration) \u2013 restores visual acuity, strengthens the retina and cornea, prevents visual impairment, normalizes indicators such as clarity, brightness, focusing of the eyes<\/p>\n<p>Main ingredients:<br \/>\nThe anthocyanins of blueberries and black currants increase blood flow to the eyeballs, normalize intraocular pressure, saturate the visual system with nutrients and oxygen, and normalize the outflow of orbital fluid.<\/p>\n<p>Hyaluronic acid \u2013 moisturizes and protects the eye from drying out, restores the integrity of the tear film, promotes the healing of cracks and damaged eye tissue.<\/p>\n<p>Vitamin complex (A, B, C, D) \u2013 strengthens the visual apparatus, improves the quality of nerve impulse conduction, maintains optimal intraocular pressure, reduces the risk of glaucoma, helps preserve vision.<\/span><\/p>","protected":false},"excerpt":{"rendered":"<p><span data-sheets-root=\"1\" data-sheets-value=\"{&quot;1&quot;:2,&quot;2&quot;:&quot;Dioptik ist eine Kapsel zur Normalisierung und Erhaltung der Sehkraft, angereichert mit Vitaminen und nat\u00fcrlichen Inhaltsstoffen.\\n\\nSKU: 4-100\\nKategorie: Sehkraft&quot;}\" data-sheets-userformat=\"{&quot;2&quot;:957,&quot;3&quot;:{&quot;1&quot;:0},&quot;5&quot;:{&quot;1&quot;:[{&quot;1&quot;:2,&quot;2&quot;:0,&quot;5&quot;:{&quot;1&quot;:2,&quot;2&quot;:0}},{&quot;1&quot;:0,&quot;2&quot;:0,&quot;3&quot;:3},{&quot;1&quot;:1,&quot;2&quot;:0,&quot;4&quot;:1}]},&quot;6&quot;:{&quot;1&quot;:[{&quot;1&quot;:2,&quot;2&quot;:0,&quot;5&quot;:{&quot;1&quot;:2,&quot;2&quot;:0}},{&quot;1&quot;:0,&quot;2&quot;:0,&quot;3&quot;:3},{&quot;1&quot;:1,&quot;2&quot;:0,&quot;4&quot;:1}]},&quot;7&quot;:{&quot;1&quot;:[{&quot;1&quot;:2,&quot;2&quot;:0,&quot;5&quot;:{&quot;1&quot;:2,&quot;2&quot;:0}},{&quot;1&quot;:0,&quot;2&quot;:0,&quot;3&quot;:3},{&quot;1&quot;:1,&quot;2&quot;:0,&quot;4&quot;:1}]},&quot;8&quot;:{&quot;1&quot;:[{&quot;1&quot;:2,&quot;2&quot;:0,&quot;5&quot;:{&quot;1&quot;:2,&quot;2&quot;:0}},{&quot;1&quot;:0,&quot;2&quot;:0,&quot;3&quot;:3},{&quot;1&quot;:1,&quot;2&quot;:0,&quot;4&quot;:1}]},&quot;10&quot;:0,&quot;11&quot;:4,&quot;12&quot;:0}\" data-sheets-textstyleruns=\"{&quot;1&quot;:0,&quot;2&quot;:{&quot;5&quot;:1}}\uee10{&quot;1&quot;:7}\">Dioptik is a capsule for normalizing and maintaining vision, enriched with vitamins and natural ingredients.<\/p>\n<p>SKU: 4-100<br \/>\nCategory: Vision<\/span><\/p>","protected":false},"featured_media":9926,"comment_status":"open","ping_status":"closed","template":"","meta":[],"product_cat":[108],"product_tag":[],"class_list":{"0":"post-10029","1":"product","2":"type-product","3":"status-publish","4":"has-post-thumbnail","6":"product_cat-sehkraft","8":"first","9":"instock","10":"shipping-taxable","11":"purchasable","12":"product-type-simple","13":"farmacie-col"},"_links":{"self":[{"href":"https:\/\/lifeboost.club\/en\/wp-json\/wp\/v2\/product\/10029","targetHints":{"allow":["GET"]}}],"collection":[{"href":"https:\/\/lifeboost.club\/en\/wp-json\/wp\/v2\/product"}],"about":[{"href":"https:\/\/lifeboost.club\/en\/wp-json\/wp\/v2\/types\/product"}],"replies":[{"embeddable":true,"href":"https:\/\/lifeboost.club\/en\/wp-json\/wp\/v2\/comments?post=10029"}],"wp:featuredmedia":[{"embeddable":true,"href":"https:\/\/lifeboost.club\/en\/wp-json\/wp\/v2\/media\/9926"}],"wp:attachment":[{"href":"https:\/\/lifeboost.club\/en\/wp-json\/wp\/v2\/media?parent=10029"}],"wp:term":[{"taxonomy":"product_cat","embeddable":true,"href":"https:\/\/lifeboost.club\/en\/wp-json\/wp\/v2\/product_cat?post=10029"},{"taxonomy":"product_tag","embeddable":true,"href":"https:\/\/lifeboost.club\/en\/wp-json\/wp\/v2\/product_tag?post=10029"}],"curies":[{"name":"wp","href":"https:\/\/api.w.org\/{rel}","templated":true}]}}