{"id":10030,"date":"2024-06-04T21:42:55","date_gmt":"2024-06-04T21:42:55","guid":{"rendered":"https:\/\/lifeboost.club\/?post_type=product&#038;p=10030"},"modified":"2025-09-22T21:24:10","modified_gmt":"2025-09-22T21:24:10","slug":"vizonal","status":"publish","type":"product","link":"https:\/\/lifeboost.club\/en\/product\/vizonal\/","title":{"rendered":"Vizonal"},"content":{"rendered":"<p><span data-sheets-root=\"1\" data-sheets-value=\"{&quot;1&quot;:2,&quot;2&quot;:&quot;Vizonal ist eine Kapsel zur Normalisierung und Erhaltung der Sehkraft, angereichert mit Vitaminen und nat\u00fcrlichen Inhaltsstoffen.\\n\\nBei Grauem Star - stellt das gesch\u00e4digte Gewebe der Linse und der Hornhaut wieder her, normalisiert den Blutkreislauf und die Stoffwechselvorg\u00e4nge im Augapfel, verhindert eine weitere Tr\u00fcbung der Linse\\nBei Glaukom - reguliert den Augeninnendruck, normalisiert die Durchblutung des Augenhintergrunds, beseitigt Ver\u00e4nderungen des Augennervs, stellt den Kapillartonus und die Kapillarst\u00e4rke wieder her, verhindert die weitere Entwicklung des Glaukoms\\nBei R\u00f6tungen, Lichtempfindlichkeit, trockenen Augen - normalisiert die Produktion von Tr\u00e4nenfl\u00fcssigkeit, verbessert die Stoffwechselprozesse im Gewebe, regt die Durchblutung und Ern\u00e4hrung des Augengewebes an, beseitigt Trockenheit und Entz\u00fcndungen\\nBei Geschw\u00fcren, Bindehautentz\u00fcndungen, Abszessen, Prophylaxe - s\u00e4ttigt das visuelle System mit N\u00e4hrstoffen, verbessert die Stoffwechselprozesse, regeneriert besch\u00e4digtes Gewebe, beseitigt Entz\u00fcndungen.\\n\\nHauptbestandteile:\\nRingelblumenextrakt ist ein nat\u00fcrliches Antioxidans, das die Augen vor UV-Strahlung sch\u00fctzt, freien Radikalen am Auge vorbeugt, Netzhaut, Linse und Hornhaut vor Sch\u00e4den und Mikrotraumen bewahrt und die Zusammensetzung der Tr\u00e4nenfl\u00fcssigkeit normalisiert.\\n\\nHagebuttenfruchtextrakt - verleiht den Augengef\u00e4\u00dfen Festigkeit und Elastizit\u00e4t, st\u00e4rkt die Kapillarw\u00e4nde des Auges, verlangsamt altersbedingte sklerotische Ver\u00e4nderungen der Netzhaut.\\n\\nHyalurons\u00e4ure - spendet Feuchtigkeit und sch\u00fctzt das Auge vor dem Austrocknen, stellt die Integrit\u00e4t des Tr\u00e4nenfilms wieder her, f\u00f6rdert die Heilung von Rissen und besch\u00e4digtem Augengewebe.\\n\\n&quot;}\" data-sheets-userformat=\"{&quot;2&quot;:957,&quot;3&quot;:{&quot;1&quot;:0},&quot;5&quot;:{&quot;1&quot;:[{&quot;1&quot;:2,&quot;2&quot;:0,&quot;5&quot;:{&quot;1&quot;:2,&quot;2&quot;:0}},{&quot;1&quot;:0,&quot;2&quot;:0,&quot;3&quot;:3},{&quot;1&quot;:1,&quot;2&quot;:0,&quot;4&quot;:1}]},&quot;6&quot;:{&quot;1&quot;:[{&quot;1&quot;:2,&quot;2&quot;:0,&quot;5&quot;:{&quot;1&quot;:2,&quot;2&quot;:0}},{&quot;1&quot;:0,&quot;2&quot;:0,&quot;3&quot;:3},{&quot;1&quot;:1,&quot;2&quot;:0,&quot;4&quot;:1}]},&quot;7&quot;:{&quot;1&quot;:[{&quot;1&quot;:2,&quot;2&quot;:0,&quot;5&quot;:{&quot;1&quot;:2,&quot;2&quot;:0}},{&quot;1&quot;:0,&quot;2&quot;:0,&quot;3&quot;:3},{&quot;1&quot;:1,&quot;2&quot;:0,&quot;4&quot;:1}]},&quot;8&quot;:{&quot;1&quot;:[{&quot;1&quot;:2,&quot;2&quot;:0,&quot;5&quot;:{&quot;1&quot;:2,&quot;2&quot;:0}},{&quot;1&quot;:0,&quot;2&quot;:0,&quot;3&quot;:3},{&quot;1&quot;:1,&quot;2&quot;:0,&quot;4&quot;:1}]},&quot;10&quot;:0,&quot;11&quot;:4,&quot;12&quot;:0}\" data-sheets-textstyleruns=\"{&quot;1&quot;:0,&quot;2&quot;:{&quot;5&quot;:1}}\uee10{&quot;1&quot;:7}\uee10{&quot;1&quot;:131,&quot;2&quot;:{&quot;5&quot;:1}}\uee10{&quot;1&quot;:147}\uee10{&quot;1&quot;:333,&quot;2&quot;:{&quot;5&quot;:1}}\uee10{&quot;1&quot;:344}\uee10{&quot;1&quot;:579,&quot;2&quot;:{&quot;5&quot;:1}}\uee10{&quot;1&quot;:630}\uee10{&quot;1&quot;:827,&quot;2&quot;:{&quot;5&quot;:1}}\uee10{&quot;1&quot;:887}\">Vizonal is a capsule for normalizing and maintaining vision, enriched with vitamins and natural ingredients.<\/p>\n<p>With cataracts \u2013 restores the damaged tissue of the lens and cornea, normalizes blood circulation and metabolic processes in the eyeball, prevents further clouding of the lens<br \/>\nWith glaucoma \u2013 regulates intraocular pressure, normalizes blood circulation in the fundus, eliminates changes in the ocular nerve, restores capillary tone and strength, prevents further development of glaucoma<br \/>\nFor redness, sensitivity to light, dry eyes \u2013 normalizes the production of tears, improves metabolic processes in the tissues, stimulates blood circulation and nutrition of the eye tissues, eliminates dryness and inflammation<br \/>\nFor ulcers, conjunctivitis, abscesses, prophylaxis \u2013 saturates the visual system with nutrients, improves metabolic processes, regenerates damaged tissue, eliminates inflammation.<\/p>\n<p>Main ingredients:<br \/>\nCalendula extract is a natural antioxidant that protects the eyes from UV radiation, prevents free radicals on the eye, protects the retina, lens and cornea from damage and microtrauma, and normalizes the composition of tear fluid.<\/p>\n<p>Rosehip fruit extract \u2013 gives strength and elasticity to the eye vessels, strengthens the capillary walls of the eye, slows down age-related sclerotic changes in the retina.<\/p>\n<p>Hyaluronic acid \u2013 moisturizes and protects the eye from drying out, restores the integrity of the tear film, promotes the healing of cracks and damaged eye tissue.<\/p>\n<p><\/span><\/p>","protected":false},"excerpt":{"rendered":"<p><span data-sheets-root=\"1\" data-sheets-value=\"{&quot;1&quot;:2,&quot;2&quot;:&quot;Vizonal sind Kapseln, die zur Normalisierung und Erhaltung der Sehkraft bestimmt sind und Vitamine sowie nat\u00fcrliche Inhaltsstoffe enthalten.\\n\\n\\nSKU: 4-101\\nKategorie: Sehkraft&quot;}\" data-sheets-userformat=\"{&quot;2&quot;:957,&quot;3&quot;:{&quot;1&quot;:0},&quot;5&quot;:{&quot;1&quot;:[{&quot;1&quot;:2,&quot;2&quot;:0,&quot;5&quot;:{&quot;1&quot;:2,&quot;2&quot;:0}},{&quot;1&quot;:0,&quot;2&quot;:0,&quot;3&quot;:3},{&quot;1&quot;:1,&quot;2&quot;:0,&quot;4&quot;:1}]},&quot;6&quot;:{&quot;1&quot;:[{&quot;1&quot;:2,&quot;2&quot;:0,&quot;5&quot;:{&quot;1&quot;:2,&quot;2&quot;:0}},{&quot;1&quot;:0,&quot;2&quot;:0,&quot;3&quot;:3},{&quot;1&quot;:1,&quot;2&quot;:0,&quot;4&quot;:1}]},&quot;7&quot;:{&quot;1&quot;:[{&quot;1&quot;:2,&quot;2&quot;:0,&quot;5&quot;:{&quot;1&quot;:2,&quot;2&quot;:0}},{&quot;1&quot;:0,&quot;2&quot;:0,&quot;3&quot;:3},{&quot;1&quot;:1,&quot;2&quot;:0,&quot;4&quot;:1}]},&quot;8&quot;:{&quot;1&quot;:[{&quot;1&quot;:2,&quot;2&quot;:0,&quot;5&quot;:{&quot;1&quot;:2,&quot;2&quot;:0}},{&quot;1&quot;:0,&quot;2&quot;:0,&quot;3&quot;:3},{&quot;1&quot;:1,&quot;2&quot;:0,&quot;4&quot;:1}]},&quot;10&quot;:0,&quot;11&quot;:4,&quot;12&quot;:0}\">Vizonal are capsules designed to normalize and maintain vision and contain vitamins and natural ingredients.<\/p>\n<p>SKU: 4-101<br \/>\nCategory: Vision<\/span><\/p>","protected":false},"featured_media":9934,"comment_status":"open","ping_status":"closed","template":"","meta":[],"product_cat":[108],"product_tag":[],"class_list":{"0":"post-10030","1":"product","2":"type-product","3":"status-publish","4":"has-post-thumbnail","6":"product_cat-sehkraft","8":"first","9":"instock","10":"shipping-taxable","11":"purchasable","12":"product-type-simple","13":"farmacie-col"},"_links":{"self":[{"href":"https:\/\/lifeboost.club\/en\/wp-json\/wp\/v2\/product\/10030","targetHints":{"allow":["GET"]}}],"collection":[{"href":"https:\/\/lifeboost.club\/en\/wp-json\/wp\/v2\/product"}],"about":[{"href":"https:\/\/lifeboost.club\/en\/wp-json\/wp\/v2\/types\/product"}],"replies":[{"embeddable":true,"href":"https:\/\/lifeboost.club\/en\/wp-json\/wp\/v2\/comments?post=10030"}],"wp:featuredmedia":[{"embeddable":true,"href":"https:\/\/lifeboost.club\/en\/wp-json\/wp\/v2\/media\/9934"}],"wp:attachment":[{"href":"https:\/\/lifeboost.club\/en\/wp-json\/wp\/v2\/media?parent=10030"}],"wp:term":[{"taxonomy":"product_cat","embeddable":true,"href":"https:\/\/lifeboost.club\/en\/wp-json\/wp\/v2\/product_cat?post=10030"},{"taxonomy":"product_tag","embeddable":true,"href":"https:\/\/lifeboost.club\/en\/wp-json\/wp\/v2\/product_tag?post=10030"}],"curies":[{"name":"wp","href":"https:\/\/api.w.org\/{rel}","templated":true}]}}