{"id":10031,"date":"2024-06-04T21:44:37","date_gmt":"2024-06-04T21:44:37","guid":{"rendered":"https:\/\/lifeboost.club\/?post_type=product&#038;p=10031"},"modified":"2024-06-04T21:44:37","modified_gmt":"2024-06-04T21:44:37","slug":"erosen","status":"publish","type":"product","link":"https:\/\/lifeboost.club\/en\/product\/erosen\/","title":{"rendered":"EroSen"},"content":{"rendered":"<p><span data-sheets-root=\"1\" data-sheets-value=\"{&quot;1&quot;:2,&quot;2&quot;:&quot;Erosen ist eine Kapsel zur Stimulation der m\u00e4nnlichen Sexualfunktion.\\n\\nErosen hat eine komplexe Wirkung auf das gesamte Urogenitalsystem des Mannes und f\u00f6rdert die Produktion von Testosteron, das normale Funktionieren des Kreislauf- und Urogenitalsystems sowie das richtige Gleichgewicht von Hormonen und Vitaminen im Organismus, was eine gute Erektion und eine hohe Dauer des Geschlechtsverkehrs gew\u00e4hrleistet.\\n\\nErosen wirkt nach dem kumulativen Prinzip, d.h. im Gegensatz zu Arzneimitteln mit kurzfristiger Wirkung reicht eine Kur aus, um das Problem zu l\u00f6sen und die Gesundheit des Mannes zu verbessern. Die starke Wirkung ist nicht zeitlich begrenzt, wenn man einen ganzen Kurs einnimmt.\\n\\nDas Mittel hat keine negativen Auswirkungen auf Herz und Leber, verursacht keine Allergien und ist mit jedem Alkohol und Essen kompatibel.\\n\\nHauptbestandteile:\\nL-Arginin und L-Citrullin sind Aminos\u00e4uren, die eine wichtige Rolle bei der Aufrechterhaltung einer Erektion spielen. Sie erh\u00f6hen den Blutfluss zum Penis, so dass der Penis anschwillt und seine L\u00e4nge und sein Durchmesser zunehmen. Ihre Libido und Ihr Sexualtrieb werden zunehmen, Sie werden sich im Bett selbstbewusster und kraftvoller f\u00fchlen, und Ihre Erektion wird stabil und lang anhaltend sein.\\n\\nSerenoa-Extrakt - normalisiert die Funktion der Prostata, verbessert die Funktion des Urogenitalsystems, steigert die Produktion von Testosteron und erh\u00f6ht so die sexuelle Erregung und die Ausdauer im Bett und erm\u00f6glicht es Ihnen, \u00f6fter und l\u00e4nger Sex zu haben.\\n\\nZink - normalisiert die Prostata und steigert den Sexualtrieb, wodurch die Libido erh\u00f6ht wird und die Orgasmen intensiver und heller werden.\\n\\nSelen - ist an der Biosynthese von Testosteron beteiligt, unterst\u00fctzt die Funktion der Geschlechtsorgane und verbessert die Spermienqualit\u00e4t.&quot;}\" data-sheets-userformat=\"{&quot;2&quot;:957,&quot;3&quot;:{&quot;1&quot;:0},&quot;5&quot;:{&quot;1&quot;:[{&quot;1&quot;:2,&quot;2&quot;:0,&quot;5&quot;:{&quot;1&quot;:2,&quot;2&quot;:0}},{&quot;1&quot;:0,&quot;2&quot;:0,&quot;3&quot;:3},{&quot;1&quot;:1,&quot;2&quot;:0,&quot;4&quot;:1}]},&quot;6&quot;:{&quot;1&quot;:[{&quot;1&quot;:2,&quot;2&quot;:0,&quot;5&quot;:{&quot;1&quot;:2,&quot;2&quot;:0}},{&quot;1&quot;:0,&quot;2&quot;:0,&quot;3&quot;:3},{&quot;1&quot;:1,&quot;2&quot;:0,&quot;4&quot;:1}]},&quot;7&quot;:{&quot;1&quot;:[{&quot;1&quot;:2,&quot;2&quot;:0,&quot;5&quot;:{&quot;1&quot;:2,&quot;2&quot;:0}},{&quot;1&quot;:0,&quot;2&quot;:0,&quot;3&quot;:3},{&quot;1&quot;:1,&quot;2&quot;:0,&quot;4&quot;:1}]},&quot;8&quot;:{&quot;1&quot;:[{&quot;1&quot;:2,&quot;2&quot;:0,&quot;5&quot;:{&quot;1&quot;:2,&quot;2&quot;:0}},{&quot;1&quot;:0,&quot;2&quot;:0,&quot;3&quot;:3},{&quot;1&quot;:1,&quot;2&quot;:0,&quot;4&quot;:1}]},&quot;10&quot;:0,&quot;11&quot;:4,&quot;12&quot;:0}\" data-sheets-textstyleruns=\"{&quot;1&quot;:0,&quot;2&quot;:{&quot;5&quot;:1}}\uee10{&quot;1&quot;:6}\">Erosen is a capsule for stimulating male sexual function.<\/p>\n<p>Erosene has a complex effect on the entire urogenital system of men and promotes the production of testosterone, the normal functioning of the circulatory and urogenital systems, as well as the correct balance of hormones and vitamins in the organism, which ensures a good erection and a long duration of sexual intercourse.<\/p>\n<p>Erosen works according to the cumulative principle, i.e. unlike drugs with a short-term effect, one course of treatment is enough to solve the problem and improve a man's health. The strong effect is not limited in time if you take a whole course.<\/p>\n<p>The remedy has no negative effects on the heart and liver, does not cause allergies and is compatible with any alcohol and food.<\/p>\n<p>Main ingredients:<br \/>\nL-arginine and L-citrulline are amino acids that play an important role in maintaining an erection. They increase blood flow to the penis, causing the penis to swell and increase in length and diameter. Your libido and sex drive will increase, you will feel more confident and powerful in bed, and your erection will be stable and long-lasting.<\/p>\n<p>Serenoa extract \u2013 normalizes the functioning of the prostate, improves the functioning of the genitourinary system, increases the production of testosterone, thereby increasing sexual arousal and stamina in bed, allowing you to have sex more often and for longer.<\/p>\n<p>Zinc \u2013 normalizes the prostate and increases sex drive, thereby increasing libido and making orgasms more intense and bright.<\/p>\n<p>Selenium \u2013 is involved in the biosynthesis of testosterone, supports the function of the sexual organs and improves sperm quality.<\/span><\/p>","protected":false},"excerpt":{"rendered":"<p><span data-sheets-root=\"1\" data-sheets-value=\"{&quot;1&quot;:2,&quot;2&quot;:&quot;Erosen ist eine Kapsel zur Stimulation der m\u00e4nnlichen Sexualfunktion.\\n\\n\\nSKU: 5-100\\nKategorie: Potenz &quot;}\" data-sheets-userformat=\"{&quot;2&quot;:957,&quot;3&quot;:{&quot;1&quot;:0},&quot;5&quot;:{&quot;1&quot;:[{&quot;1&quot;:2,&quot;2&quot;:0,&quot;5&quot;:{&quot;1&quot;:2,&quot;2&quot;:0}},{&quot;1&quot;:0,&quot;2&quot;:0,&quot;3&quot;:3},{&quot;1&quot;:1,&quot;2&quot;:0,&quot;4&quot;:1}]},&quot;6&quot;:{&quot;1&quot;:[{&quot;1&quot;:2,&quot;2&quot;:0,&quot;5&quot;:{&quot;1&quot;:2,&quot;2&quot;:0}},{&quot;1&quot;:0,&quot;2&quot;:0,&quot;3&quot;:3},{&quot;1&quot;:1,&quot;2&quot;:0,&quot;4&quot;:1}]},&quot;7&quot;:{&quot;1&quot;:[{&quot;1&quot;:2,&quot;2&quot;:0,&quot;5&quot;:{&quot;1&quot;:2,&quot;2&quot;:0}},{&quot;1&quot;:0,&quot;2&quot;:0,&quot;3&quot;:3},{&quot;1&quot;:1,&quot;2&quot;:0,&quot;4&quot;:1}]},&quot;8&quot;:{&quot;1&quot;:[{&quot;1&quot;:2,&quot;2&quot;:0,&quot;5&quot;:{&quot;1&quot;:2,&quot;2&quot;:0}},{&quot;1&quot;:0,&quot;2&quot;:0,&quot;3&quot;:3},{&quot;1&quot;:1,&quot;2&quot;:0,&quot;4&quot;:1}]},&quot;10&quot;:0,&quot;11&quot;:4,&quot;12&quot;:0}\" data-sheets-textstyleruns=\"{&quot;1&quot;:0,&quot;2&quot;:{&quot;5&quot;:1}}\uee10{&quot;1&quot;:6}\">Erosen is a capsule for stimulating male sexual function.<\/p>\n<p>SKU: 5-100<br \/>\nCategory: Potency <\/span><\/p>","protected":false},"featured_media":9927,"comment_status":"open","ping_status":"closed","template":"","meta":[],"product_cat":[15],"product_tag":[],"class_list":{"0":"post-10031","1":"product","2":"type-product","3":"status-publish","4":"has-post-thumbnail","6":"product_cat-uncategorized","8":"first","9":"instock","10":"shipping-taxable","11":"purchasable","12":"product-type-simple","13":"farmacie-col"},"_links":{"self":[{"href":"https:\/\/lifeboost.club\/en\/wp-json\/wp\/v2\/product\/10031","targetHints":{"allow":["GET"]}}],"collection":[{"href":"https:\/\/lifeboost.club\/en\/wp-json\/wp\/v2\/product"}],"about":[{"href":"https:\/\/lifeboost.club\/en\/wp-json\/wp\/v2\/types\/product"}],"replies":[{"embeddable":true,"href":"https:\/\/lifeboost.club\/en\/wp-json\/wp\/v2\/comments?post=10031"}],"wp:featuredmedia":[{"embeddable":true,"href":"https:\/\/lifeboost.club\/en\/wp-json\/wp\/v2\/media\/9927"}],"wp:attachment":[{"href":"https:\/\/lifeboost.club\/en\/wp-json\/wp\/v2\/media?parent=10031"}],"wp:term":[{"taxonomy":"product_cat","embeddable":true,"href":"https:\/\/lifeboost.club\/en\/wp-json\/wp\/v2\/product_cat?post=10031"},{"taxonomy":"product_tag","embeddable":true,"href":"https:\/\/lifeboost.club\/en\/wp-json\/wp\/v2\/product_tag?post=10031"}],"curies":[{"name":"wp","href":"https:\/\/api.w.org\/{rel}","templated":true}]}}