{"id":10032,"date":"2024-06-04T21:45:16","date_gmt":"2024-06-04T21:45:16","guid":{"rendered":"https:\/\/lifeboost.club\/?post_type=product&#038;p=10032"},"modified":"2025-07-01T23:15:35","modified_gmt":"2025-07-01T23:15:35","slug":"ketoformpro","status":"publish","type":"product","link":"https:\/\/lifeboost.club\/en\/product\/ketoformpro\/","title":{"rendered":"KetoformPro"},"content":{"rendered":"<p><span data-sheets-root=\"1\" data-sheets-value=\"{&quot;1&quot;:2,&quot;2&quot;:&quot;Ketoform setzt den Prozess der Ketogenese in Gang und entzieht dem K\u00f6rper Cholesterin. Bereits in der ersten Woche beginnt der K\u00f6rper, sich aktiv umzustrukturieren, indem wichtige Hormone wie Ghrelin und Leptin unter Kontrolle gebracht werden und sich der Appetit normalisiert.\\n\\nDer K\u00f6rper wird gestrafft, die Figur wird ausgepr\u00e4gter, Haut und Haare sehen dank der nat\u00fcrlichen Extrakte ges\u00fcnder aus, und Vitamin C st\u00e4rkt das Immunsystem. Und das Beste ist, dass es keine Dehnungsstreifen, Schwellungen oder Magen-Darm-Probleme gibt.\\n\\nHauptbestandteile:\\nRaspberry fruit extract (Rubus idaeus) \\n20% ketone\\nHimbeerketon\\n- beschleunigt den Stoffwechsel\\n- erh\u00f6ht den Energieverbrauch und steigert die Fettverbrennung\\n- reguliert den Blutzuckerspiegel\\n- reduziert die Fettspeicherung aus der Nahrung\\n- reduziert den Appetit\\n\\n\\nAcetyl L-carnitine HCL\\nL Carnitine \\n- st\u00e4rkt Fettverbrennung \\n- Entgiftung (Entschlackung) des K\u00f6rpers \\n- senkt den sch\u00e4dlichen Cholesterinspiegel\\n- sch\u00fctzt Herz und Blutgef\u00e4\u00dfe\\n- st\u00e4rkt die Immunit\u00e4t\\n- normalisiert die Funktion des Magen-Darm-Trakts \\n\\n\\nKonjac glucomannan tuber (Amorphophallus konjac 13:1)\\nGlucomannane\\n- wirkt bei der Appetitkontrolle mit\\n- reduziert die Fettspeicherung\\n- reduziert das Diabetes-Risiko\\n- normalisiert den Blutzuckerspiegel\\n- normalisiert die Schilddr\u00fcsenfunktion und den Hormonspiegel\\n\\n \\nGreen tea leaf extract (Camellia sinensis)\\nExtrakt aus Gr\u00fcnteebl\u00e4ttern\\n- beschleunigt den Stoffwechsel\\n- verbessert die Ausdauer, tonisiert\\n- st\u00e4rkt das Immunsystem\\n- entschlackt den K\u00f6rper \\n- Kollagensynthese und Funktion des Bindegewebes\\n- st\u00e4rkt die Blutgef\u00e4\u00dfe und Kapillaren bzw. erh\u00f6ht ihre Elastizit\u00e4t\\n\\n\\nAfrican Mango seed extract (Irvingia gabonensis 4:1)\\nExtrakt aus den Samen der afrikanischen Mango\\n- wirkt gegen Fettablagerungen, insbesondere im Taillenbereich\\n- stimuliert die Fettverbrennung, indem der Stoffwechsel nat\u00fcrlich angekurbelt wird\\n- hemmt den Appetit\\n- hilft, den Verdauungsprozess zu verlangsamen\\n- hilft, den K\u00f6rper zu entschlacken\\n\\n\\n\\nVitamin C (Ascorbic acid)\\nAscorbins\u00e4ure (Vitamin C)\\n- beschleunigt den Stoffwechsel\\n- f\u00f6rdert den Abbau von Fettzellen\\n- st\u00e4rkt die Immunit\u00e4t\\n- aktive Fettverbrennung an den Oberschenkeln, am Ges\u00e4\u00df und am Bauch&quot;}\" data-sheets-userformat=\"{&quot;2&quot;:957,&quot;3&quot;:{&quot;1&quot;:0},&quot;5&quot;:{&quot;1&quot;:[{&quot;1&quot;:2,&quot;2&quot;:0,&quot;5&quot;:{&quot;1&quot;:2,&quot;2&quot;:0}},{&quot;1&quot;:0,&quot;2&quot;:0,&quot;3&quot;:3},{&quot;1&quot;:1,&quot;2&quot;:0,&quot;4&quot;:1}]},&quot;6&quot;:{&quot;1&quot;:[{&quot;1&quot;:2,&quot;2&quot;:0,&quot;5&quot;:{&quot;1&quot;:2,&quot;2&quot;:0}},{&quot;1&quot;:0,&quot;2&quot;:0,&quot;3&quot;:3},{&quot;1&quot;:1,&quot;2&quot;:0,&quot;4&quot;:1}]},&quot;7&quot;:{&quot;1&quot;:[{&quot;1&quot;:2,&quot;2&quot;:0,&quot;5&quot;:{&quot;1&quot;:2,&quot;2&quot;:0}},{&quot;1&quot;:0,&quot;2&quot;:0,&quot;3&quot;:3},{&quot;1&quot;:1,&quot;2&quot;:0,&quot;4&quot;:1}]},&quot;8&quot;:{&quot;1&quot;:[{&quot;1&quot;:2,&quot;2&quot;:0,&quot;5&quot;:{&quot;1&quot;:2,&quot;2&quot;:0}},{&quot;1&quot;:0,&quot;2&quot;:0,&quot;3&quot;:3},{&quot;1&quot;:1,&quot;2&quot;:0,&quot;4&quot;:1}]},&quot;10&quot;:0,&quot;11&quot;:4,&quot;12&quot;:0}\">Ketoform initiates the process of ketogenesis and removes cholesterol from the body. Already in the first week, the body begins to actively restructure itself by bringing important hormones such as ghrelin and leptin under control and the appetite normalizes.<\/span><\/p>\n<p>The body is toned, the figure becomes more pronounced, skin and hair look healthier thanks to the natural extracts, and vitamin C strengthens the immune system. And best of all, there are no stretch marks, swelling or gastrointestinal problems.<\/p>\n<p>Main ingredients:<br \/>\nRaspberry fruit extract (Rubus idaeus)<br \/>\n20% ketones<br \/>\nRaspberry ketone<br \/>\n\u2013 accelerates metabolism<br \/>\n\u2013 increases energy consumption and increases fat burning<br \/>\n\u2013 regulates blood sugar levels<br \/>\n\u2013 reduces fat storage from food<br \/>\n\u2013 reduces appetite<\/p>\n<p>Acetyl L-carnitine HCL<br \/>\nL Carnitine<br \/>\n\u2013 strengthens fat burning<br \/>\n\u2013 detoxifies (purifies) the body<br \/>\n\u2013 lowers harmful cholesterol levels<br \/>\n\u2013 protects the heart and blood vessels<br \/>\n\u2013 strengthens immunity<br \/>\n\u2013 normalizes the functioning of the gastrointestinal tract<\/p>\n<p>Konjac glucomannan tuber (Amorphophallus konjac 13:1)<br \/>\nGlucomannans<br \/>\n\u2013 helps control appetite<br \/>\n\u2013 reduces fat storage<br \/>\n\u2013 reduces the risk of diabetes<br \/>\n\u2013 normalizes blood sugar levels<br \/>\n\u2013 normalizes thyroid function and hormone levels<\/p>\n<p>Green tea leaf extract (Camellia sinensis)<br \/>\nGreen tea leaf extract<br \/>\n\u2013 accelerates metabolism<br \/>\n\u2013 improves endurance, tones<br \/>\n- strengthens the immune system<br \/>\n\u2013 purifies the body<br \/>\n\u2013 promotes collagen synthesis and function of connective tissue<br \/>\n\u2013 strengthens the blood vessels and capillaries and increases their elasticity<\/p>\n<p>African Mango seed extract (Irvingia gabonensis 4:1)<br \/>\nAfrican mango seed extract<br \/>\n\u2013 works against fat deposits, especially in the waist area<br \/>\n\u2013 stimulates fat burning by naturally boosting metabolism<br \/>\n\u2013 inhibits appetite<br \/>\n\u2013 helps slow down the digestive process<br \/>\n\u2013 helps to purify the body<\/p>\n<p>Vitamin C (ascorbic acid)<br \/>\nAscorbic acid (vitamin C)<br \/>\n\u2013 accelerates metabolism<br \/>\n\u2013 promotes the breakdown of fat cells<br \/>\n\u2013 strengthens immunity<br \/>\n\u2013 activates fat burning on the thighs, buttocks and stomach<\/p>","protected":false},"excerpt":{"rendered":"<p><span data-sheets-root=\"1\" data-sheets-value=\"{&quot;1&quot;:2,&quot;2&quot;:&quot;Ketoform PRO - Schlankheitskapseln\\nerlaubt es Ihnen, so zu essen, wie Sie es gewohnt sind, im Gegensatz zu Di\u00e4ten, die Sie nur unter Stress setzen. Es wirkt auf den Stoffwechsel ein und reguliert die Produktion von Enzymen, die den Prozess der Ketose ausl\u00f6sen, so dass die gesamte Nahrung als Energiequelle wahrgenommen wird und nicht in Fett abgelagert wird\\n\\nSKU: 6-100\\nKategorie: Gewichtsverlust&quot;}\" data-sheets-userformat=\"{&quot;2&quot;:957,&quot;3&quot;:{&quot;1&quot;:0},&quot;5&quot;:{&quot;1&quot;:[{&quot;1&quot;:2,&quot;2&quot;:0,&quot;5&quot;:{&quot;1&quot;:2,&quot;2&quot;:0}},{&quot;1&quot;:0,&quot;2&quot;:0,&quot;3&quot;:3},{&quot;1&quot;:1,&quot;2&quot;:0,&quot;4&quot;:1}]},&quot;6&quot;:{&quot;1&quot;:[{&quot;1&quot;:2,&quot;2&quot;:0,&quot;5&quot;:{&quot;1&quot;:2,&quot;2&quot;:0}},{&quot;1&quot;:0,&quot;2&quot;:0,&quot;3&quot;:3},{&quot;1&quot;:1,&quot;2&quot;:0,&quot;4&quot;:1}]},&quot;7&quot;:{&quot;1&quot;:[{&quot;1&quot;:2,&quot;2&quot;:0,&quot;5&quot;:{&quot;1&quot;:2,&quot;2&quot;:0}},{&quot;1&quot;:0,&quot;2&quot;:0,&quot;3&quot;:3},{&quot;1&quot;:1,&quot;2&quot;:0,&quot;4&quot;:1}]},&quot;8&quot;:{&quot;1&quot;:[{&quot;1&quot;:2,&quot;2&quot;:0,&quot;5&quot;:{&quot;1&quot;:2,&quot;2&quot;:0}},{&quot;1&quot;:0,&quot;2&quot;:0,&quot;3&quot;:3},{&quot;1&quot;:1,&quot;2&quot;:0,&quot;4&quot;:1}]},&quot;10&quot;:0,&quot;11&quot;:4,&quot;12&quot;:0}\" data-sheets-textstyleruns=\"{&quot;1&quot;:0,&quot;2&quot;:{&quot;5&quot;:1}}\uee10{&quot;1&quot;:13}\">Ketoform PRO \u2013 slimming capsules<br \/>\nAllows you to eat the way you are used to, unlike diets that just stress you out. It acts on metabolism and regulates the production of enzymes that trigger the process of ketosis, so that all food is perceived as a source of energy and is not deposited in fat<\/span><\/p>\n<p>SKU: 6-100<br \/>\nCategory: Weight Loss<\/p>","protected":false},"featured_media":9930,"comment_status":"open","ping_status":"closed","template":"","meta":[],"product_cat":[112],"product_tag":[],"class_list":{"0":"post-10032","1":"product","2":"type-product","3":"status-publish","4":"has-post-thumbnail","6":"product_cat-gewichtsverlust","8":"first","9":"instock","10":"shipping-taxable","11":"purchasable","12":"product-type-simple","13":"farmacie-col"},"_links":{"self":[{"href":"https:\/\/lifeboost.club\/en\/wp-json\/wp\/v2\/product\/10032","targetHints":{"allow":["GET"]}}],"collection":[{"href":"https:\/\/lifeboost.club\/en\/wp-json\/wp\/v2\/product"}],"about":[{"href":"https:\/\/lifeboost.club\/en\/wp-json\/wp\/v2\/types\/product"}],"replies":[{"embeddable":true,"href":"https:\/\/lifeboost.club\/en\/wp-json\/wp\/v2\/comments?post=10032"}],"wp:featuredmedia":[{"embeddable":true,"href":"https:\/\/lifeboost.club\/en\/wp-json\/wp\/v2\/media\/9930"}],"wp:attachment":[{"href":"https:\/\/lifeboost.club\/en\/wp-json\/wp\/v2\/media?parent=10032"}],"wp:term":[{"taxonomy":"product_cat","embeddable":true,"href":"https:\/\/lifeboost.club\/en\/wp-json\/wp\/v2\/product_cat?post=10032"},{"taxonomy":"product_tag","embeddable":true,"href":"https:\/\/lifeboost.club\/en\/wp-json\/wp\/v2\/product_tag?post=10032"}],"curies":[{"name":"wp","href":"https:\/\/api.w.org\/{rel}","templated":true}]}}