{"id":10033,"date":"2024-06-04T21:46:24","date_gmt":"2024-06-04T21:46:24","guid":{"rendered":"https:\/\/lifeboost.club\/?post_type=product&#038;p=10033"},"modified":"2024-06-04T21:48:57","modified_gmt":"2024-06-04T21:48:57","slug":"milozol","status":"publish","type":"product","link":"https:\/\/lifeboost.club\/en\/product\/milozol\/","title":{"rendered":"Milozol"},"content":{"rendered":"<p><span data-sheets-root=\"1\" data-sheets-value=\"{&quot;1&quot;:2,&quot;2&quot;:&quot;Biogen Creme wird zur Anwendung bei Infektionen empfohlen:\\n- durch Trichophyton und Microsporum Dermatomykosen.\\n- Candida\\n- Onychomykose, die die Nagelplatte bef\u00e4llt\\n- Mykosen des Kopfes, der Haare und des Bartes\\n- Fu\u00dfpilz\\n- Pilzerkrankung der Handfl\u00e4chen\\n- hefeartige Pilzinfektionen\\n\\nDie Booster-Formel der Creme ist speziell so formuliert, dass ihre Wirkung die bereits gesch\u00e4digten Hautpartien nicht sch\u00e4digt und keine zus\u00e4tzlichen Reizungen oder Infektionen verursacht.\\nDie Creme ist f\u00fcr die komplexe Anwendung konzipiert und ihre aktive Formel wirkt auf Pilzsporen, die durch h\u00e4uslichen Kontakt, in \u00f6ffentlichen R\u00e4umen und im Kontakt mit Tieren latent vorhanden sind.\\n\\nHauptbestandteile:\\nChlorella-Algenextrakte: Normalisieren die Stoffwechselprozesse in den Zellen, f\u00f6rdern die Gewebe- und Nagelregeneration.\\nKiefer \u00e4therisches \u00d6l: Dank des hohen Natriumgehalts zieht es toxische Lymphe aus dem K\u00f6rper. Das alkalische Milieu beraubt die Pilze der F\u00e4higkeit zu leben und sich zu vermehren.\\nBeinwell-Extrakt: Hauptquelle f\u00fcr organisches Calciumcarbonat und 18 Aminos\u00e4uren. Entfernt organische R\u00fcckst\u00e4nde des zerst\u00f6rten Pilzes aus der Haut.\\nTeebaum\u00f6l: Aufgrund seiner mineralischen Bestandteile wirkt es sich positiv auf die Haut aus, indem es sie befeuchtet und die Regeneration aller von Pilzen gesch\u00e4digten Gewebe f\u00f6rdert.\\nEukalyptus\u00f6l: Kann aktiv verschiedene chemische und biologische Verunreinigungen aufnehmen: Schwermetalle, Nitrate, Pestizide, Radionuklide.&quot;}\" data-sheets-userformat=\"{&quot;2&quot;:957,&quot;3&quot;:{&quot;1&quot;:0},&quot;5&quot;:{&quot;1&quot;:[{&quot;1&quot;:2,&quot;2&quot;:0,&quot;5&quot;:{&quot;1&quot;:2,&quot;2&quot;:0}},{&quot;1&quot;:0,&quot;2&quot;:0,&quot;3&quot;:3},{&quot;1&quot;:1,&quot;2&quot;:0,&quot;4&quot;:1}]},&quot;6&quot;:{&quot;1&quot;:[{&quot;1&quot;:2,&quot;2&quot;:0,&quot;5&quot;:{&quot;1&quot;:2,&quot;2&quot;:0}},{&quot;1&quot;:0,&quot;2&quot;:0,&quot;3&quot;:3},{&quot;1&quot;:1,&quot;2&quot;:0,&quot;4&quot;:1}]},&quot;7&quot;:{&quot;1&quot;:[{&quot;1&quot;:2,&quot;2&quot;:0,&quot;5&quot;:{&quot;1&quot;:2,&quot;2&quot;:0}},{&quot;1&quot;:0,&quot;2&quot;:0,&quot;3&quot;:3},{&quot;1&quot;:1,&quot;2&quot;:0,&quot;4&quot;:1}]},&quot;8&quot;:{&quot;1&quot;:[{&quot;1&quot;:2,&quot;2&quot;:0,&quot;5&quot;:{&quot;1&quot;:2,&quot;2&quot;:0}},{&quot;1&quot;:0,&quot;2&quot;:0,&quot;3&quot;:3},{&quot;1&quot;:1,&quot;2&quot;:0,&quot;4&quot;:1}]},&quot;10&quot;:0,&quot;11&quot;:4,&quot;12&quot;:0}\">Biogen Cream is recommended for use in infections:<br \/>\n\u2013 due to Trichophyton and Microsporum dermatomycoses.<br \/>\n\u2013 Candida<br \/>\n\u2013 Onychomycosis, which affects the nail plate<br \/>\n\u2013 Mycoses of the head, hair and beard<br \/>\n\u2013 Athlete\u2019s foot<br \/>\n\u2013 Fungal disease of the palms<br \/>\n\u2013 yeast-like fungal infections<\/span><\/p>\n<p>The booster formula of the cream is specially formulated so that its action does not damage the already damaged areas of the skin and does not cause additional irritation or infection.<br \/>\nThe cream is designed for complex use and its active formula acts on fungal spores latent through domestic contact, in public spaces and in contact with animals.<\/p>\n<p>Main ingredients:<br \/>\nChlorella algae extracts: Normalize the metabolic processes in the cells, promote tissue and nail regeneration.<br \/>\nPine essential oil: Thanks to the high sodium content, it draws toxic lymph out of the body. The alkaline environment deprives the fungi of the ability to live and reproduce.<br \/>\nComfrey Extract: Main source of organic calcium carbonate and 18 amino acids. Removes organic residues of the destroyed fungus from the skin.<br \/>\nTea tree oil: Due to its mineral components, it has a positive effect on the skin by moisturizing it and promoting the regeneration of all tissues damaged by fungi.<br \/>\nEucalyptus oil: Can actively absorb various chemical and biological contaminants: heavy metals, nitrates, pesticides, radionuclides.<\/p>","protected":false},"excerpt":{"rendered":"<p><span data-sheets-root=\"1\" data-sheets-value=\"{&quot;1&quot;:2,&quot;2&quot;:&quot;Milozol Antimykotische Creme zur Behandlung von Hautpilzerkrankungen, Hautpilzinfektionen und Nagelpilzinfektionen.\\n\\nSKU : 7-100\\nCategory : Fungus&quot;}\" data-sheets-userformat=\"{&quot;2&quot;:957,&quot;3&quot;:{&quot;1&quot;:0},&quot;5&quot;:{&quot;1&quot;:[{&quot;1&quot;:2,&quot;2&quot;:0,&quot;5&quot;:{&quot;1&quot;:2,&quot;2&quot;:0}},{&quot;1&quot;:0,&quot;2&quot;:0,&quot;3&quot;:3},{&quot;1&quot;:1,&quot;2&quot;:0,&quot;4&quot;:1}]},&quot;6&quot;:{&quot;1&quot;:[{&quot;1&quot;:2,&quot;2&quot;:0,&quot;5&quot;:{&quot;1&quot;:2,&quot;2&quot;:0}},{&quot;1&quot;:0,&quot;2&quot;:0,&quot;3&quot;:3},{&quot;1&quot;:1,&quot;2&quot;:0,&quot;4&quot;:1}]},&quot;7&quot;:{&quot;1&quot;:[{&quot;1&quot;:2,&quot;2&quot;:0,&quot;5&quot;:{&quot;1&quot;:2,&quot;2&quot;:0}},{&quot;1&quot;:0,&quot;2&quot;:0,&quot;3&quot;:3},{&quot;1&quot;:1,&quot;2&quot;:0,&quot;4&quot;:1}]},&quot;8&quot;:{&quot;1&quot;:[{&quot;1&quot;:2,&quot;2&quot;:0,&quot;5&quot;:{&quot;1&quot;:2,&quot;2&quot;:0}},{&quot;1&quot;:0,&quot;2&quot;:0,&quot;3&quot;:3},{&quot;1&quot;:1,&quot;2&quot;:0,&quot;4&quot;:1}]},&quot;10&quot;:0,&quot;11&quot;:4,&quot;12&quot;:0}\" data-sheets-textstyleruns=\"{&quot;1&quot;:0,&quot;2&quot;:{&quot;5&quot;:1}}\uee10{&quot;1&quot;:7}\">Milozol antifungal cream for the treatment of fungal skin diseases, fungal skin infections and fungal nail infections.<\/span><\/p>\n<p>SKU : 7-100<br \/>\nCategory: Fungus<\/p>","protected":false},"featured_media":9931,"comment_status":"open","ping_status":"closed","template":"","meta":[],"product_cat":[106],"product_tag":[],"class_list":{"0":"post-10033","1":"product","2":"type-product","3":"status-publish","4":"has-post-thumbnail","6":"product_cat-fungus","8":"first","9":"instock","10":"shipping-taxable","11":"purchasable","12":"product-type-simple","13":"farmacie-col"},"_links":{"self":[{"href":"https:\/\/lifeboost.club\/en\/wp-json\/wp\/v2\/product\/10033","targetHints":{"allow":["GET"]}}],"collection":[{"href":"https:\/\/lifeboost.club\/en\/wp-json\/wp\/v2\/product"}],"about":[{"href":"https:\/\/lifeboost.club\/en\/wp-json\/wp\/v2\/types\/product"}],"replies":[{"embeddable":true,"href":"https:\/\/lifeboost.club\/en\/wp-json\/wp\/v2\/comments?post=10033"}],"wp:featuredmedia":[{"embeddable":true,"href":"https:\/\/lifeboost.club\/en\/wp-json\/wp\/v2\/media\/9931"}],"wp:attachment":[{"href":"https:\/\/lifeboost.club\/en\/wp-json\/wp\/v2\/media?parent=10033"}],"wp:term":[{"taxonomy":"product_cat","embeddable":true,"href":"https:\/\/lifeboost.club\/en\/wp-json\/wp\/v2\/product_cat?post=10033"},{"taxonomy":"product_tag","embeddable":true,"href":"https:\/\/lifeboost.club\/en\/wp-json\/wp\/v2\/product_tag?post=10033"}],"curies":[{"name":"wp","href":"https:\/\/api.w.org\/{rel}","templated":true}]}}