{"id":10034,"date":"2024-06-04T21:47:05","date_gmt":"2024-06-04T21:47:05","guid":{"rendered":"https:\/\/lifeboost.club\/?post_type=product&#038;p=10034"},"modified":"2024-06-04T21:47:05","modified_gmt":"2024-06-04T21:47:05","slug":"mizonil","status":"publish","type":"product","link":"https:\/\/lifeboost.club\/en\/product\/mizonil\/","title":{"rendered":"Mizonil"},"content":{"rendered":"<p><span data-sheets-root=\"1\" data-sheets-value=\"{&quot;1&quot;:2,&quot;2&quot;:&quot;Die Booster-Formel der Creme hat eine amphiphile Wirkung auf alle Epidermis-Strukturen der Haut, Finger, N\u00e4gel, F\u00fc\u00dfe, hat eine zus\u00e4tzliche entz\u00fcndungshemmende, regenerierende, erg\u00e4nzende Wirkung auf assoziierte St\u00f6rungen der Haut und Gewebetrophik.\\n\\nHauptbestandteile:\\n- \u00c4therisches Kiefern\u00f6l - aufgrund seines hohen Natriumgehalts zieht es giftige Lymphe aus dem K\u00f6rper. Das alkalische Milieu entzieht den Pilzen die F\u00e4higkeit zu leben und sich zu vermehren.\\n- Beinwell-Extrakt ist die Hauptquelle f\u00fcr organisches Calciumcarbonat und 18 Aminos\u00e4uren. Entfernt organische R\u00fcckst\u00e4nde von zerst\u00f6rten Pilzen auf der Haut.\\n- Teebaum\u00f6l - aufgrund seines Mineraliengehalts hat es eine wohltuende Wirkung auf die Haut, spendet ihr Feuchtigkeit und regt die Regeneration aller durch Pilze gesch\u00e4digten Gewebe an.\\n- Eukalyptus\u00f6l - kann aktiv verschiedene chemische und biologische Schadstoffe absorbieren: Schwermetalle, Nitrate, Pestizide, Radionuklide.&quot;}\" data-sheets-userformat=\"{&quot;2&quot;:957,&quot;3&quot;:{&quot;1&quot;:0},&quot;5&quot;:{&quot;1&quot;:[{&quot;1&quot;:2,&quot;2&quot;:0,&quot;5&quot;:{&quot;1&quot;:2,&quot;2&quot;:0}},{&quot;1&quot;:0,&quot;2&quot;:0,&quot;3&quot;:3},{&quot;1&quot;:1,&quot;2&quot;:0,&quot;4&quot;:1}]},&quot;6&quot;:{&quot;1&quot;:[{&quot;1&quot;:2,&quot;2&quot;:0,&quot;5&quot;:{&quot;1&quot;:2,&quot;2&quot;:0}},{&quot;1&quot;:0,&quot;2&quot;:0,&quot;3&quot;:3},{&quot;1&quot;:1,&quot;2&quot;:0,&quot;4&quot;:1}]},&quot;7&quot;:{&quot;1&quot;:[{&quot;1&quot;:2,&quot;2&quot;:0,&quot;5&quot;:{&quot;1&quot;:2,&quot;2&quot;:0}},{&quot;1&quot;:0,&quot;2&quot;:0,&quot;3&quot;:3},{&quot;1&quot;:1,&quot;2&quot;:0,&quot;4&quot;:1}]},&quot;8&quot;:{&quot;1&quot;:[{&quot;1&quot;:2,&quot;2&quot;:0,&quot;5&quot;:{&quot;1&quot;:2,&quot;2&quot;:0}},{&quot;1&quot;:0,&quot;2&quot;:0,&quot;3&quot;:3},{&quot;1&quot;:1,&quot;2&quot;:0,&quot;4&quot;:1}]},&quot;10&quot;:0,&quot;11&quot;:4,&quot;12&quot;:0}\">The booster formula of the cream has an amphiphilic effect on all epidermal structures of the skin, fingers, nails, feet, has an additional anti-inflammatory, regenerating, complementary effect on associated disorders of the skin and tissue trophics.<\/p>\n<p>Main ingredients:<br \/>\n\u2013 Pine essential oil \u2013 due to its high sodium content, it draws toxic lymph out of the body. The alkaline environment deprives the fungi of their ability to live and reproduce.<br \/>\n\u2013 Comfrey extract is the main source of organic calcium carbonate and 18 amino acids. Removes organic residues of destroyed fungi on the skin.<br \/>\n\u2013 Tea tree oil \u2013 due to its mineral content, it has a beneficial effect on the skin, moisturizes it and stimulates the regeneration of all tissue damaged by fungi.<br \/>\n\u2013 Eucalyptus oil \u2013 can actively absorb various chemical and biological pollutants: heavy metals, nitrates, pesticides, radionuclides.<\/span><\/p>","protected":false},"excerpt":{"rendered":"<p><span data-sheets-root=\"1\" data-sheets-value=\"{&quot;1&quot;:2,&quot;2&quot;:&quot;Mizonil ist eine native Bio-Creme mit einer nat\u00fcrlichen Anti-Mykose-Booster-Formel, die verhindert, dass das Myzel der Pilzinfektion in die Epidermis-Schicht der Haut eindringt. Dadurch wird die Immunit\u00e4t der Epidermis-Zellen gegen die Mykose-Infektion erh\u00f6ht und verhindert, dass das Myzel in die unteren Schichten der Dermis eindringt und dort w\u00e4chst.\\n\\nSKU : 7-101\\r\\nCategory : Fungus&quot;}\" data-sheets-userformat=\"{&quot;2&quot;:957,&quot;3&quot;:{&quot;1&quot;:0},&quot;5&quot;:{&quot;1&quot;:[{&quot;1&quot;:2,&quot;2&quot;:0,&quot;5&quot;:{&quot;1&quot;:2,&quot;2&quot;:0}},{&quot;1&quot;:0,&quot;2&quot;:0,&quot;3&quot;:3},{&quot;1&quot;:1,&quot;2&quot;:0,&quot;4&quot;:1}]},&quot;6&quot;:{&quot;1&quot;:[{&quot;1&quot;:2,&quot;2&quot;:0,&quot;5&quot;:{&quot;1&quot;:2,&quot;2&quot;:0}},{&quot;1&quot;:0,&quot;2&quot;:0,&quot;3&quot;:3},{&quot;1&quot;:1,&quot;2&quot;:0,&quot;4&quot;:1}]},&quot;7&quot;:{&quot;1&quot;:[{&quot;1&quot;:2,&quot;2&quot;:0,&quot;5&quot;:{&quot;1&quot;:2,&quot;2&quot;:0}},{&quot;1&quot;:0,&quot;2&quot;:0,&quot;3&quot;:3},{&quot;1&quot;:1,&quot;2&quot;:0,&quot;4&quot;:1}]},&quot;8&quot;:{&quot;1&quot;:[{&quot;1&quot;:2,&quot;2&quot;:0,&quot;5&quot;:{&quot;1&quot;:2,&quot;2&quot;:0}},{&quot;1&quot;:0,&quot;2&quot;:0,&quot;3&quot;:3},{&quot;1&quot;:1,&quot;2&quot;:0,&quot;4&quot;:1}]},&quot;10&quot;:0,&quot;11&quot;:4,&quot;12&quot;:0}\" data-sheets-textstyleruns=\"{&quot;1&quot;:0,&quot;2&quot;:{&quot;5&quot;:1}}\uee10{&quot;1&quot;:7}\">Mizonil is a native organic cream with a natural anti-mycosis booster formula that prevents the mycelium of the fungal infection from penetrating the epidermis layer of the skin. This increases the immunity of the epidermis cells against the mycosis infection and prevents the mycelium from penetrating and growing in the lower layers of the dermis.<\/p>\n<p>SKU : 7-101<br \/>\nCategory: Fungus<\/span><\/p>","protected":false},"featured_media":9932,"comment_status":"open","ping_status":"closed","template":"","meta":[],"product_cat":[106],"product_tag":[],"class_list":{"0":"post-10034","1":"product","2":"type-product","3":"status-publish","4":"has-post-thumbnail","6":"product_cat-fungus","8":"first","9":"instock","10":"shipping-taxable","11":"purchasable","12":"product-type-simple","13":"farmacie-col"},"_links":{"self":[{"href":"https:\/\/lifeboost.club\/en\/wp-json\/wp\/v2\/product\/10034","targetHints":{"allow":["GET"]}}],"collection":[{"href":"https:\/\/lifeboost.club\/en\/wp-json\/wp\/v2\/product"}],"about":[{"href":"https:\/\/lifeboost.club\/en\/wp-json\/wp\/v2\/types\/product"}],"replies":[{"embeddable":true,"href":"https:\/\/lifeboost.club\/en\/wp-json\/wp\/v2\/comments?post=10034"}],"wp:featuredmedia":[{"embeddable":true,"href":"https:\/\/lifeboost.club\/en\/wp-json\/wp\/v2\/media\/9932"}],"wp:attachment":[{"href":"https:\/\/lifeboost.club\/en\/wp-json\/wp\/v2\/media?parent=10034"}],"wp:term":[{"taxonomy":"product_cat","embeddable":true,"href":"https:\/\/lifeboost.club\/en\/wp-json\/wp\/v2\/product_cat?post=10034"},{"taxonomy":"product_tag","embeddable":true,"href":"https:\/\/lifeboost.club\/en\/wp-json\/wp\/v2\/product_tag?post=10034"}],"curies":[{"name":"wp","href":"https:\/\/api.w.org\/{rel}","templated":true}]}}