{"id":10035,"date":"2024-06-04T21:48:02","date_gmt":"2024-06-04T21:48:02","guid":{"rendered":"https:\/\/lifeboost.club\/?post_type=product&#038;p=10035"},"modified":"2024-06-04T21:48:02","modified_gmt":"2024-06-04T21:48:02","slug":"relivital","status":"publish","type":"product","link":"https:\/\/lifeboost.club\/en\/product\/relivital\/","title":{"rendered":"Relivital"},"content":{"rendered":"<p><span data-sheets-root=\"1\" data-sheets-value=\"{&quot;1&quot;:2,&quot;2&quot;:&quot;Die Creme dringt in die tiefen Schichten der Epidermis ein und stimuliert die Produktion von eigenem Kollagen und Elastin und verlangsamt die Prozesse der Hauterschlaffung und -alterung.\\n\\nDank der Kombination von nat\u00fcrlichen Komponenten mit Botox-Wirkung und Komponenten mit feuchtigkeitsspendender und regenerierender Wirkung auf die Haut setzt die Creme den Prozess der nat\u00fcrlichen Gesichtsstraffung in Gang, stellt die Elastizit\u00e4t der Haut wieder her, reduziert Falten, gleicht den Hautton und die Hautfarbe aus, hellt Pigmentflecken auf, f\u00f6rdert die intensive Befeuchtung der Haut, wodurch sich die Feuchtigkeit in der Haut anreichert und sie fest und elastisch wird.\\n\\nGeeignet f\u00fcr alle Hauttypen.\\n\\nEmpfohlen bei den folgenden kosmetischen Problemen:\\nFalten (Mimikfalten, Nasolabialfalten, Stirn, Augenpartie)\\nPigmentierung der Haut\\nAltersbedingte Hautver\u00e4nderungen (Verlust von Elastizit\u00e4t, Festigkeit)\\nKomplexe Hautverj\u00fcngung (Pr\u00e4vention)\\n\\nHauptbestandteile:\\nHydrolysiertes Kollagen aus dem Meer dringt in die tiefsten Schichten der Epidermis ein und stimuliert die Produktion von eigenem Kollagen und Elastin. Auf zellul\u00e4rer Ebene stellt es die Integrit\u00e4t des Epidermisgewebes wieder her, st\u00e4rkt die Hautstruktur von innen heraus, aktiviert den Eiwei\u00dfstoffwechsel und vor allem erh\u00f6ht es den intrazellul\u00e4ren Stoffwechsel, was zu einer Verj\u00fcngung der Haut f\u00fchrt, ihre Elastizit\u00e4t erh\u00f6ht, sie intensiv mit Feuchtigkeit versorgt, Trockenheit, Schuppenbildung und Pigmentierung beseitigt und die Haut vor gef\u00e4hrlichen Umwelteinfl\u00fcssen sch\u00fctzt.\\n\\nKrambe-\u00d6l - versorgt die Haut perfekt mit Feuchtigkeit und gl\u00e4ttet sie, stellt den sch\u00fctzenden Lipidmantel der Haut wieder her und wirkt entz\u00fcndungshemmend.\\n\\nAcerola-Fruchtextrakt (Barbados-Kirsche) ist die reichste nat\u00fcrliche Quelle der Vitamine C und E - wertvolle Antioxidantien, die die Hautalterung verhindern. Er verbessert den Hautzustand, reduziert gro\u00dfe und kleine Falten, bek\u00e4mpft die Alterspigmentierung, macht die Haut straff und frisch.\\n\\nCentella Asiatica-Extrakt - verlangsamt die Hautalterung, beseitigt Toxine, verbessert den Hauttonus und den Turgor, erh\u00f6ht die Mikrozirkulation des Blutes in der Dermis und st\u00e4rkt die Blutgef\u00e4\u00dfw\u00e4nde, was dazu beitr\u00e4gt, das Auftreten von Couperose und Gef\u00e4\u00dfsternen zu reduzieren.&quot;}\" data-sheets-userformat=\"{&quot;2&quot;:957,&quot;3&quot;:{&quot;1&quot;:0},&quot;5&quot;:{&quot;1&quot;:[{&quot;1&quot;:2,&quot;2&quot;:0,&quot;5&quot;:{&quot;1&quot;:2,&quot;2&quot;:0}},{&quot;1&quot;:0,&quot;2&quot;:0,&quot;3&quot;:3},{&quot;1&quot;:1,&quot;2&quot;:0,&quot;4&quot;:1}]},&quot;6&quot;:{&quot;1&quot;:[{&quot;1&quot;:2,&quot;2&quot;:0,&quot;5&quot;:{&quot;1&quot;:2,&quot;2&quot;:0}},{&quot;1&quot;:0,&quot;2&quot;:0,&quot;3&quot;:3},{&quot;1&quot;:1,&quot;2&quot;:0,&quot;4&quot;:1}]},&quot;7&quot;:{&quot;1&quot;:[{&quot;1&quot;:2,&quot;2&quot;:0,&quot;5&quot;:{&quot;1&quot;:2,&quot;2&quot;:0}},{&quot;1&quot;:0,&quot;2&quot;:0,&quot;3&quot;:3},{&quot;1&quot;:1,&quot;2&quot;:0,&quot;4&quot;:1}]},&quot;8&quot;:{&quot;1&quot;:[{&quot;1&quot;:2,&quot;2&quot;:0,&quot;5&quot;:{&quot;1&quot;:2,&quot;2&quot;:0}},{&quot;1&quot;:0,&quot;2&quot;:0,&quot;3&quot;:3},{&quot;1&quot;:1,&quot;2&quot;:0,&quot;4&quot;:1}]},&quot;10&quot;:0,&quot;11&quot;:4,&quot;12&quot;:0}\">The cream penetrates the deep layers of the epidermis and stimulates the production of its own collagen and elastin, slowing down the processes of skin sagging and aging.<\/p>\n<p>Thanks to the combination of natural components with Botox effect and components with moisturizing and regenerating effects on the skin, the cream initiates the process of natural facial tightening, restores skin elasticity, reduces wrinkles, evens skin tone and skin color, lightens pigment spots, promotes intensive moisturizing of the skin, which accumulates moisture in the skin and makes it firm and elastic.<\/p>\n<p>Suitable for all skin types.<\/p>\n<p>Recommended for the following cosmetic problems:<br \/>\nWrinkles (expression lines, nasolabial folds, forehead, eye area)<br \/>\nSkin pigmentation<br \/>\nAge-related skin changes (loss of elasticity, firmness)<br \/>\nComplex skin rejuvenation (prevention)<\/p>\n<p>Main ingredients:<br \/>\nHydrolyzed collagen from the sea penetrates the deepest layers of the epidermis and stimulates the production of its own collagen and elastin. At the cellular level, it restores the integrity of the epidermal tissue, strengthens the skin structure from the inside, activates protein metabolism and, most importantly, increases intracellular metabolism, which leads to rejuvenation of the skin, increases its elasticity, intensively moisturizes it, relieves dryness , eliminates flaking and pigmentation and protects the skin from dangerous environmental influences.<\/p>\n<p>Krambe oil - perfectly moisturizes and smoothes the skin, restores the skin's protective lipid layer and has an anti-inflammatory effect.<\/p>\n<p>Acerola fruit extract (Barbados cherry) is the richest natural source of vitamins C and E - valuable antioxidants that prevent skin aging. It improves the condition of the skin, reduces large and small wrinkles, fights age pigmentation, makes the skin firm and fresh.<\/p>\n<p>Centella Asiatica Extract \u2013 slows down skin aging, eliminates toxins, improves skin tone and turgor, increases blood microcirculation in the dermis and strengthens blood vessel walls, helping to reduce the appearance of couperose and vascular stars.<\/span><\/p>","protected":false},"excerpt":{"rendered":"<p><span data-sheets-root=\"1\" data-sheets-value=\"{&quot;1&quot;:2,&quot;2&quot;:&quot;Relivital ist eine Verj\u00fcngungscreme mit einer hohen Konzentration an marinem hydrolysiertem Kollagen und Elastin.\\n\\nSKU: 8-100\\nKategorie: Sch\u00f6nheit &quot;}\" data-sheets-userformat=\"{&quot;2&quot;:957,&quot;3&quot;:{&quot;1&quot;:0},&quot;5&quot;:{&quot;1&quot;:[{&quot;1&quot;:2,&quot;2&quot;:0,&quot;5&quot;:{&quot;1&quot;:2,&quot;2&quot;:0}},{&quot;1&quot;:0,&quot;2&quot;:0,&quot;3&quot;:3},{&quot;1&quot;:1,&quot;2&quot;:0,&quot;4&quot;:1}]},&quot;6&quot;:{&quot;1&quot;:[{&quot;1&quot;:2,&quot;2&quot;:0,&quot;5&quot;:{&quot;1&quot;:2,&quot;2&quot;:0}},{&quot;1&quot;:0,&quot;2&quot;:0,&quot;3&quot;:3},{&quot;1&quot;:1,&quot;2&quot;:0,&quot;4&quot;:1}]},&quot;7&quot;:{&quot;1&quot;:[{&quot;1&quot;:2,&quot;2&quot;:0,&quot;5&quot;:{&quot;1&quot;:2,&quot;2&quot;:0}},{&quot;1&quot;:0,&quot;2&quot;:0,&quot;3&quot;:3},{&quot;1&quot;:1,&quot;2&quot;:0,&quot;4&quot;:1}]},&quot;8&quot;:{&quot;1&quot;:[{&quot;1&quot;:2,&quot;2&quot;:0,&quot;5&quot;:{&quot;1&quot;:2,&quot;2&quot;:0}},{&quot;1&quot;:0,&quot;2&quot;:0,&quot;3&quot;:3},{&quot;1&quot;:1,&quot;2&quot;:0,&quot;4&quot;:1}]},&quot;10&quot;:0,&quot;11&quot;:4,&quot;12&quot;:0}\" data-sheets-textstyleruns=\"{&quot;1&quot;:0,&quot;2&quot;:{&quot;5&quot;:1}}\uee10{&quot;1&quot;:9}\">Relivital is a rejuvenating cream with a high concentration of marine hydrolyzed collagen and elastin.<\/p>\n<p>SKU: 8-100<br \/>\nCategory: Beauty <\/span><\/p>","protected":false},"featured_media":9933,"comment_status":"open","ping_status":"closed","template":"","meta":[],"product_cat":[15],"product_tag":[],"class_list":{"0":"post-10035","1":"product","2":"type-product","3":"status-publish","4":"has-post-thumbnail","6":"product_cat-uncategorized","8":"first","9":"instock","10":"shipping-taxable","11":"purchasable","12":"product-type-simple","13":"farmacie-col"},"_links":{"self":[{"href":"https:\/\/lifeboost.club\/en\/wp-json\/wp\/v2\/product\/10035","targetHints":{"allow":["GET"]}}],"collection":[{"href":"https:\/\/lifeboost.club\/en\/wp-json\/wp\/v2\/product"}],"about":[{"href":"https:\/\/lifeboost.club\/en\/wp-json\/wp\/v2\/types\/product"}],"replies":[{"embeddable":true,"href":"https:\/\/lifeboost.club\/en\/wp-json\/wp\/v2\/comments?post=10035"}],"wp:featuredmedia":[{"embeddable":true,"href":"https:\/\/lifeboost.club\/en\/wp-json\/wp\/v2\/media\/9933"}],"wp:attachment":[{"href":"https:\/\/lifeboost.club\/en\/wp-json\/wp\/v2\/media?parent=10035"}],"wp:term":[{"taxonomy":"product_cat","embeddable":true,"href":"https:\/\/lifeboost.club\/en\/wp-json\/wp\/v2\/product_cat?post=10035"},{"taxonomy":"product_tag","embeddable":true,"href":"https:\/\/lifeboost.club\/en\/wp-json\/wp\/v2\/product_tag?post=10035"}],"curies":[{"name":"wp","href":"https:\/\/api.w.org\/{rel}","templated":true}]}}