{"id":9936,"date":"2024-06-04T13:30:32","date_gmt":"2024-06-04T13:30:32","guid":{"rendered":"https:\/\/lifeboost.club\/?post_type=product&#038;p=9936"},"modified":"2026-01-14T15:44:47","modified_gmt":"2026-01-14T15:44:47","slug":"artodip-gel","status":"publish","type":"product","link":"https:\/\/lifeboost.club\/en\/product\/artodip-gel\/","title":{"rendered":"Artodip Gel"},"content":{"rendered":"<p><span data-sheets-root=\"1\" data-sheets-value=\"{&quot;1&quot;:2,&quot;2&quot;:&quot;Artodip Gel - wird so schnell wie m\u00f6glich absorbiert und dringt in die Gelenkh\u00f6hle ein, wirkt direkt auf die betroffenen Bereiche. Bei der Anwendung verlangsamt es die Entwicklung von Gelenkproblemen, f\u00f6rdert die Gewebereparatur, wirkt schmerzlindernd, entz\u00fcndungshemmend und anti\u00f6demat\u00f6s.\\n\\nDank der Wirkstoffe, die in der Zusammensetzung enthalten sind, ist Artodip Gel:\\n- stellt den Kreislauf wieder her;\\n- reduziert Entz\u00fcndungen in Gelenken, Sehnen und B\u00e4ndern;\\n- reduziert Schmerzen und Gewebeschwellungen;\\n- l\u00f6st die Regeneration von Knorpelgewebe aus;\\n- gibt Elastizit\u00e4t und Elastizit\u00e4t von Gewebe und Gelenken zur\u00fcck;\\n- st\u00e4rkt das Binde-, Gelenk- und Knorpelgewebe;\\n- lindert Gef\u00fchle von Anspannung, Schmerz und Steifheit;\\n- entzieht dem Knorpelgewebe Salze und stoppt so den Prozess der Gelenkzerst\u00f6rung;\\n- stimuliert die Produktion von eigenem Kollagen, Chondroitin und Glucosamin;\\n- normalisiert den Wasserhaushalt des Knorpelgewebes f\u00fcr eine bessere Gleitf\u00e4higkeit der Gelenke.\\n\\nHauptbestandteile:\\nKampfer - lindert Schmerzen und Verspannungen in Muskeln und Gelenken, wirkt entz\u00fcndungshemmend, setzt Nervenenden frei, was die Durchblutung und Ern\u00e4hrung des Knorpelgewebes verbessert.\\nPfefferfruchtextrakt - ein starkes Antioxidans, hat eine stark w\u00e4rmende Wirkung, lindert das kongestive Schmerzsyndrom, Schwellungen, erweitert die Blutgef\u00e4\u00dfe, verbessert die Durchblutung und Ern\u00e4hrung des Gelenks und des periartikul\u00e4ren Gewebes\\nBeinwell-Extrakt - regt die Bildung neuer Zellen des Knochen- und Knorpelgewebes an, beschleunigt die Heilung besch\u00e4digter Stellen, gibt den Gelenken ihre Elastizit\u00e4t und Beweglichkeit zur\u00fcck.\\nTannen\u00f6l - beseitigt Salze und beschleunigt den Prozess der Regeneration des Knorpelgewebes, normalisiert die Mikrozirkulation des Blutes um das Gelenk, lindert Schmerzen und Kr\u00e4mpfe&quot;}\" data-sheets-userformat=\"{&quot;2&quot;:957,&quot;3&quot;:{&quot;1&quot;:0},&quot;5&quot;:{&quot;1&quot;:[{&quot;1&quot;:2,&quot;2&quot;:0,&quot;5&quot;:{&quot;1&quot;:2,&quot;2&quot;:0}},{&quot;1&quot;:0,&quot;2&quot;:0,&quot;3&quot;:3},{&quot;1&quot;:1,&quot;2&quot;:0,&quot;4&quot;:1}]},&quot;6&quot;:{&quot;1&quot;:[{&quot;1&quot;:2,&quot;2&quot;:0,&quot;5&quot;:{&quot;1&quot;:2,&quot;2&quot;:0}},{&quot;1&quot;:0,&quot;2&quot;:0,&quot;3&quot;:3},{&quot;1&quot;:1,&quot;2&quot;:0,&quot;4&quot;:1}]},&quot;7&quot;:{&quot;1&quot;:[{&quot;1&quot;:2,&quot;2&quot;:0,&quot;5&quot;:{&quot;1&quot;:2,&quot;2&quot;:0}},{&quot;1&quot;:0,&quot;2&quot;:0,&quot;3&quot;:3},{&quot;1&quot;:1,&quot;2&quot;:0,&quot;4&quot;:1}]},&quot;8&quot;:{&quot;1&quot;:[{&quot;1&quot;:2,&quot;2&quot;:0,&quot;5&quot;:{&quot;1&quot;:2,&quot;2&quot;:0}},{&quot;1&quot;:0,&quot;2&quot;:0,&quot;3&quot;:3},{&quot;1&quot;:1,&quot;2&quot;:0,&quot;4&quot;:1}]},&quot;10&quot;:0,&quot;11&quot;:4,&quot;12&quot;:0}\" data-sheets-textstyleruns=\"{&quot;1&quot;:0,&quot;2&quot;:{&quot;5&quot;:1}}\uee10{&quot;1&quot;:11}\">Artodip Gel \u2013 is absorbed as quickly as possible and penetrates into the joint cavity, acts directly on the affected areas. When used, it slows down the development of joint problems, promotes tissue repair, has analgesic, anti-inflammatory and anti-edematous effects.<\/p>\n<p>Thanks to the active ingredients included in the composition, Artodip Gel is:<br \/>\n\u2013 restores circulation;<br \/>\n\u2013 reduces inflammation in joints, tendons and ligaments;<br \/>\n&#8211; reduziert Schmerzen und Gewebeschwellungen;<br \/>\n\u2013 triggers the regeneration of cartilage tissue;<br \/>\n\u2013 returns elasticity and elasticity of tissues and joints;<br \/>\n\u2013 strengthens connective, joint and cartilage tissue;<br \/>\n\u2013 relieves feelings of tension, pain and stiffness;<br \/>\n\u2013 removes salts from the cartilage tissue and thus stops the process of joint destruction;<br \/>\n\u2013 stimulates the production of your own collagen, chondroitin and glucosamine;<br \/>\n\u2013 normalizes the water balance of the cartilage tissue for better lubrication of the joints.<\/p>\n<p>Main ingredients:<br \/>\nCamphor \u2013 relieves pain and tension in muscles and joints, has an anti-inflammatory effect, releases nerve endings, which improves blood circulation and nutrition of cartilage tissue.<br \/>\nPepper fruit extract \u2013 a powerful antioxidant, has a strong warming effect, relieves congestive pain syndrome, swelling, dilates blood vessels, improves blood circulation and nutrition of the joint and periarticular tissue<br \/>\nComfrey extract \u2013 stimulates the formation of new cells of bone and cartilage tissue, accelerates the healing of damaged areas, restores elasticity and mobility to the joints.<br \/>\nFir oil \u2013 eliminates salts and accelerates the process of regeneration of cartilage tissue, normalizes blood microcirculation around the joint, relieves pain and spasms<\/span><\/p>","protected":false},"excerpt":{"rendered":"<p><span data-sheets-root=\"1\" data-sheets-value=\"{&quot;1&quot;:2,&quot;2&quot;:&quot;Artodip Gel - nat\u00fcrliches Gel f\u00fcr die Gelenke, das einen Komplex aus bew\u00e4hrten Pflanzenextrakten mit \u00e4therischen \u00d6len enth\u00e4lt. Die reinste Zusammensetzung des Gels hat eine w\u00e4rmende, beruhigende, tonisierende und erweichende Wirkung. Hilft, Entz\u00fcndungen in Gelenken und Sehnen zu lindern, reduziert Schmerzen und Schwellungen im Gewebe, tr\u00e4gt zur Verbesserung der Elastizit\u00e4t bei.\\n\\nSKU: 1-100\\nKategorie: Gelenke&quot;}\" data-sheets-userformat=\"{&quot;2&quot;:957,&quot;3&quot;:{&quot;1&quot;:0},&quot;5&quot;:{&quot;1&quot;:[{&quot;1&quot;:2,&quot;2&quot;:0,&quot;5&quot;:{&quot;1&quot;:2,&quot;2&quot;:0}},{&quot;1&quot;:0,&quot;2&quot;:0,&quot;3&quot;:3},{&quot;1&quot;:1,&quot;2&quot;:0,&quot;4&quot;:1}]},&quot;6&quot;:{&quot;1&quot;:[{&quot;1&quot;:2,&quot;2&quot;:0,&quot;5&quot;:{&quot;1&quot;:2,&quot;2&quot;:0}},{&quot;1&quot;:0,&quot;2&quot;:0,&quot;3&quot;:3},{&quot;1&quot;:1,&quot;2&quot;:0,&quot;4&quot;:1}]},&quot;7&quot;:{&quot;1&quot;:[{&quot;1&quot;:2,&quot;2&quot;:0,&quot;5&quot;:{&quot;1&quot;:2,&quot;2&quot;:0}},{&quot;1&quot;:0,&quot;2&quot;:0,&quot;3&quot;:3},{&quot;1&quot;:1,&quot;2&quot;:0,&quot;4&quot;:1}]},&quot;8&quot;:{&quot;1&quot;:[{&quot;1&quot;:2,&quot;2&quot;:0,&quot;5&quot;:{&quot;1&quot;:2,&quot;2&quot;:0}},{&quot;1&quot;:0,&quot;2&quot;:0,&quot;3&quot;:3},{&quot;1&quot;:1,&quot;2&quot;:0,&quot;4&quot;:1}]},&quot;10&quot;:0,&quot;11&quot;:4,&quot;12&quot;:0}\" data-sheets-textstyleruns=\"{&quot;1&quot;:0,&quot;2&quot;:{&quot;5&quot;:1}}\uee10{&quot;1&quot;:11}\">Artodip Gel \u2013 natural gel for the joints, which contains a complex of proven plant extracts with essential oils. The purest composition of the gel has a warming, soothing, toning and emollient effect. Helps relieve inflammation in joints and tendons, reduces pain and swelling in tissues, helps improve elasticity.<\/p>\n<p>SKU: 1-100<br \/>\nCategory: Joints<\/span><\/p>","protected":false},"featured_media":9922,"comment_status":"open","ping_status":"closed","template":"","meta":[],"product_cat":[105],"product_tag":[],"class_list":{"0":"post-9936","1":"product","2":"type-product","3":"status-publish","4":"has-post-thumbnail","6":"product_cat-gelenke","8":"first","9":"instock","10":"shipping-taxable","11":"purchasable","12":"product-type-simple","13":"farmacie-col"},"_links":{"self":[{"href":"https:\/\/lifeboost.club\/en\/wp-json\/wp\/v2\/product\/9936","targetHints":{"allow":["GET"]}}],"collection":[{"href":"https:\/\/lifeboost.club\/en\/wp-json\/wp\/v2\/product"}],"about":[{"href":"https:\/\/lifeboost.club\/en\/wp-json\/wp\/v2\/types\/product"}],"replies":[{"embeddable":true,"href":"https:\/\/lifeboost.club\/en\/wp-json\/wp\/v2\/comments?post=9936"}],"wp:featuredmedia":[{"embeddable":true,"href":"https:\/\/lifeboost.club\/en\/wp-json\/wp\/v2\/media\/9922"}],"wp:attachment":[{"href":"https:\/\/lifeboost.club\/en\/wp-json\/wp\/v2\/media?parent=9936"}],"wp:term":[{"taxonomy":"product_cat","embeddable":true,"href":"https:\/\/lifeboost.club\/en\/wp-json\/wp\/v2\/product_cat?post=9936"},{"taxonomy":"product_tag","embeddable":true,"href":"https:\/\/lifeboost.club\/en\/wp-json\/wp\/v2\/product_tag?post=9936"}],"curies":[{"name":"wp","href":"https:\/\/api.w.org\/{rel}","templated":true}]}}