{"id":9937,"date":"2024-06-04T13:36:17","date_gmt":"2024-06-04T13:36:17","guid":{"rendered":"https:\/\/lifeboost.club\/?post_type=product&#038;p=9937"},"modified":"2026-01-10T05:06:56","modified_gmt":"2026-01-10T05:06:56","slug":"fledox","status":"publish","type":"product","link":"https:\/\/lifeboost.club\/en\/product\/fledox\/","title":{"rendered":"Fledox"},"content":{"rendered":"<p><span data-sheets-root=\"1\" data-sheets-value=\"{&quot;1&quot;:2,&quot;2&quot;:&quot;Dank der in der Formulierung enthaltenen Wirkstoffe kann Fledox:\\n- stellt die Blutzirkulation wieder her;\\n- regt die Regeneration des Knorpelgewebes dank Glucosamin an;\\n- stellt die Elastizit\u00e4t des Gewebes und der Gelenke wieder her;\\n- st\u00e4rkt das Binde-, Gelenk- und Knorpelgewebe;\\n- lindert Verspannungen, Schmerzen und Steifheit\\n\\n\\nHauptbestandteile:\\n\\nFingerkrautextrakt - lindert schnell die Schmerzen, normalisiert die Salzausscheidung, verbessert die Kapillardurchblutung, beseitigt Schwellungen, stellt die Knochenstruktur wieder her, verbessert die Gelenkbeweglichkeit.\\n\\nBeinwell-Extrakt - wirkt entz\u00fcndungshemmend, stimuliert die Bildung neuer Zellen von Knochen-, Knorpel- und Muskelgewebe, beschleunigt die Heilung von Wunden, Prellungen, Geschw\u00fcren.\\n\\nKampfer - wirkt entz\u00fcndungshemmend, wodurch die Zerst\u00f6rung der Gelenke und des Knorpelgewebes gestoppt wird; wirkt auf die Nervenrezeptoren, wodurch die Blutzirkulation und die Stoffwechselprozesse verbessert werden; stellt besch\u00e4digtes Gewebe wieder her.\\n\\nMenthol - hat eine bet\u00e4ubende Wirkung, verbessert das Eindringen der Wirkstoffe in die Haut, lindert Gelenkschmerzen, Muskelverspannungen, hilft bei M\u00fcdigkeit, Kr\u00e4mpfen, Verstauchungen, Verletzungen.\\n\\nArnikaextrakt - wirkt als nat\u00fcrliches Schmerzmittel und Immunstimulans, lindert stechende Schmerzen, reduziert Schmerzen in entz\u00fcndeten Gelenken und Muskeln, hilft bei der Wiederherstellung der Gelenkbeweglichkeit, stimuliert die Durchblutung der Haut und die Geweberegeneration.&quot;}\" data-sheets-userformat=\"{&quot;2&quot;:957,&quot;3&quot;:{&quot;1&quot;:0},&quot;5&quot;:{&quot;1&quot;:[{&quot;1&quot;:2,&quot;2&quot;:0,&quot;5&quot;:{&quot;1&quot;:2,&quot;2&quot;:0}},{&quot;1&quot;:0,&quot;2&quot;:0,&quot;3&quot;:3},{&quot;1&quot;:1,&quot;2&quot;:0,&quot;4&quot;:1}]},&quot;6&quot;:{&quot;1&quot;:[{&quot;1&quot;:2,&quot;2&quot;:0,&quot;5&quot;:{&quot;1&quot;:2,&quot;2&quot;:0}},{&quot;1&quot;:0,&quot;2&quot;:0,&quot;3&quot;:3},{&quot;1&quot;:1,&quot;2&quot;:0,&quot;4&quot;:1}]},&quot;7&quot;:{&quot;1&quot;:[{&quot;1&quot;:2,&quot;2&quot;:0,&quot;5&quot;:{&quot;1&quot;:2,&quot;2&quot;:0}},{&quot;1&quot;:0,&quot;2&quot;:0,&quot;3&quot;:3},{&quot;1&quot;:1,&quot;2&quot;:0,&quot;4&quot;:1}]},&quot;8&quot;:{&quot;1&quot;:[{&quot;1&quot;:2,&quot;2&quot;:0,&quot;5&quot;:{&quot;1&quot;:2,&quot;2&quot;:0}},{&quot;1&quot;:0,&quot;2&quot;:0,&quot;3&quot;:3},{&quot;1&quot;:1,&quot;2&quot;:0,&quot;4&quot;:1}]},&quot;10&quot;:0,&quot;11&quot;:4,&quot;12&quot;:0}\" data-sheets-textstyleruns=\"{&quot;1&quot;:0}\uee10{&quot;1&quot;:333,&quot;2&quot;:{&quot;5&quot;:1}}\uee10{&quot;1&quot;:352}\uee10{&quot;1&quot;:353,&quot;2&quot;:{&quot;5&quot;:1}}\uee10{&quot;1&quot;:371}\uee10{&quot;1&quot;:577,&quot;2&quot;:{&quot;5&quot;:1}}\uee10{&quot;1&quot;:593}\uee10{&quot;1&quot;:761,&quot;2&quot;:{&quot;5&quot;:1}}\uee10{&quot;1&quot;:768}\uee10{&quot;1&quot;:1018,&quot;2&quot;:{&quot;5&quot;:1}}\uee10{&quot;1&quot;:1025}\uee10{&quot;1&quot;:1219,&quot;2&quot;:{&quot;5&quot;:1}}\uee10{&quot;1&quot;:1232}\">Thanks to the active ingredients contained in the formulation, Fledox:<br \/>\n\u2013 restores blood circulation;<br \/>\n\u2013 stimulates the regeneration of cartilage tissue thanks to glucosamine;<br \/>\n\u2013 restores the elasticity of tissues and joints;<br \/>\n\u2013 strengthens connective, joint and cartilage tissue;<br \/>\n\u2013 relieves tension, pain and stiffness<\/p>\n<p>Main ingredients:<\/p>\n<p>Cinquefoil extract \u2013 quickly relieves pain, normalizes salt excretion, improves capillary blood circulation, eliminates swelling, restores bone structure, improves joint mobility.<\/p>\n<p>Comfrey extract \u2013 has an anti-inflammatory effect, stimulates the formation of new cells of bone, cartilage and muscle tissue, accelerates the healing of wounds, bruises, ulcers.<\/p>\n<p>Camphor \u2013 has an anti-inflammatory effect, stopping the destruction of joints and cartilage tissue; acts on nerve receptors, improving blood circulation and metabolic processes; restores damaged tissue.<\/p>\n<p>Menthol \u2013 has an anesthetic effect, improves the penetration of active ingredients into the skin, relieves joint pain, muscle tension, helps with fatigue, cramps, sprains, injuries.<\/p>\n<p>Arnica extract \u2013 acts as a natural pain reliever and immune stimulant, relieves stabbing pain, reduces pain in inflamed joints and muscles, helps restore joint mobility, stimulates blood circulation in the skin and tissue regeneration.<\/span><\/p>","protected":false},"excerpt":{"rendered":"<p><span data-sheets-root=\"1\" data-sheets-value=\"{&quot;1&quot;:2,&quot;2&quot;:&quot;Fledox ist eine nat\u00fcrliche Gelenkcreme mit \u00e4therischen \u00d6len.\\nEs hat eine w\u00e4rmende, beruhigende und tonisierende Wirkung. Die Anwendung der Creme verlangsamt die Entwicklung von Gelenkproblemen und f\u00f6rdert die Regeneration des Gewebes. Fledox hat eine schmerzlindernde, entz\u00fcndungshemmende und anti\u00f6demat\u00f6se Wirkung.\\n\\nSKU: 1-101\\nKategorie: Gelenke&quot;}\" data-sheets-userformat=\"{&quot;2&quot;:957,&quot;3&quot;:{&quot;1&quot;:0},&quot;5&quot;:{&quot;1&quot;:[{&quot;1&quot;:2,&quot;2&quot;:0,&quot;5&quot;:{&quot;1&quot;:2,&quot;2&quot;:0}},{&quot;1&quot;:0,&quot;2&quot;:0,&quot;3&quot;:3},{&quot;1&quot;:1,&quot;2&quot;:0,&quot;4&quot;:1}]},&quot;6&quot;:{&quot;1&quot;:[{&quot;1&quot;:2,&quot;2&quot;:0,&quot;5&quot;:{&quot;1&quot;:2,&quot;2&quot;:0}},{&quot;1&quot;:0,&quot;2&quot;:0,&quot;3&quot;:3},{&quot;1&quot;:1,&quot;2&quot;:0,&quot;4&quot;:1}]},&quot;7&quot;:{&quot;1&quot;:[{&quot;1&quot;:2,&quot;2&quot;:0,&quot;5&quot;:{&quot;1&quot;:2,&quot;2&quot;:0}},{&quot;1&quot;:0,&quot;2&quot;:0,&quot;3&quot;:3},{&quot;1&quot;:1,&quot;2&quot;:0,&quot;4&quot;:1}]},&quot;8&quot;:{&quot;1&quot;:[{&quot;1&quot;:2,&quot;2&quot;:0,&quot;5&quot;:{&quot;1&quot;:2,&quot;2&quot;:0}},{&quot;1&quot;:0,&quot;2&quot;:0,&quot;3&quot;:3},{&quot;1&quot;:1,&quot;2&quot;:0,&quot;4&quot;:1}]},&quot;10&quot;:0,&quot;11&quot;:4,&quot;12&quot;:0}\" data-sheets-textstyleruns=\"{&quot;1&quot;:0,&quot;2&quot;:{&quot;5&quot;:1}}\uee10{&quot;1&quot;:6}\">Fledox is a natural joint cream with essential oils.<br \/>\nIt has a warming, calming and toning effect. Using the cream slows down the development of joint problems and promotes tissue regeneration. Fledox has an analgesic, anti-inflammatory and anti-edematous effect.<\/p>\n<p>SKU: 1-101<br \/>\nCategory: Joints<\/span><\/p>","protected":false},"featured_media":9928,"comment_status":"open","ping_status":"closed","template":"","meta":[],"product_cat":[105],"product_tag":[],"class_list":{"0":"post-9937","1":"product","2":"type-product","3":"status-publish","4":"has-post-thumbnail","6":"product_cat-gelenke","8":"first","9":"instock","10":"shipping-taxable","11":"purchasable","12":"product-type-simple","13":"farmacie-col"},"_links":{"self":[{"href":"https:\/\/lifeboost.club\/en\/wp-json\/wp\/v2\/product\/9937","targetHints":{"allow":["GET"]}}],"collection":[{"href":"https:\/\/lifeboost.club\/en\/wp-json\/wp\/v2\/product"}],"about":[{"href":"https:\/\/lifeboost.club\/en\/wp-json\/wp\/v2\/types\/product"}],"replies":[{"embeddable":true,"href":"https:\/\/lifeboost.club\/en\/wp-json\/wp\/v2\/comments?post=9937"}],"wp:featuredmedia":[{"embeddable":true,"href":"https:\/\/lifeboost.club\/en\/wp-json\/wp\/v2\/media\/9928"}],"wp:attachment":[{"href":"https:\/\/lifeboost.club\/en\/wp-json\/wp\/v2\/media?parent=9937"}],"wp:term":[{"taxonomy":"product_cat","embeddable":true,"href":"https:\/\/lifeboost.club\/en\/wp-json\/wp\/v2\/product_cat?post=9937"},{"taxonomy":"product_tag","embeddable":true,"href":"https:\/\/lifeboost.club\/en\/wp-json\/wp\/v2\/product_tag?post=9937"}],"curies":[{"name":"wp","href":"https:\/\/api.w.org\/{rel}","templated":true}]}}